{"id":198,"date":"2022-12-16T11:25:22","date_gmt":"2022-12-16T11:25:22","guid":{"rendered":"https:\/\/hamburgstagdo.com\/?page_id=198"},"modified":"2022-12-16T13:42:54","modified_gmt":"2022-12-16T13:42:54","slug":"wie-man-nach-hamburg-kommt","status":"publish","type":"page","link":"https:\/\/hamburgstagdo.com\/de\/how-to-get-to-hamburg\/","title":{"rendered":"Wie kommt man nach Hamburg?"},"content":{"rendered":"<p>Hamburg liegt im Norden Deutschlands und ist eine lebendige und aufregende Stadt, die einen Besuch wert ist. Mit \u00fcber 1,8 Millionen Einwohnern ist sie die zweitgr\u00f6\u00dfte Stadt Deutschlands und eine der gr\u00f6\u00dften Hafenst\u00e4dte Europas. Wenn Sie einen Junggesellenabschied in Hamburg planen, gibt es mehrere M\u00f6glichkeiten, dorthin zu gelangen.<\/p>\n\n\n\n<figure class=\"wp-block-image size-large\"><img loading=\"lazy\" decoding=\"async\" width=\"1024\" height=\"683\" src=\"https:\/\/hamburgstagdo.com\/wp-content\/uploads\/shutterstock_527663983-1024x683.webp\" alt=\"Hamburg bei Nacht\" class=\"wp-image-181\" srcset=\"https:\/\/hamburgstagdo.com\/wp-content\/uploads\/shutterstock_527663983-1024x683.webp 1024w, https:\/\/hamburgstagdo.com\/wp-content\/uploads\/shutterstock_527663983-300x200.webp 300w, https:\/\/hamburgstagdo.com\/wp-content\/uploads\/shutterstock_527663983-768x512.webp 768w, https:\/\/hamburgstagdo.com\/wp-content\/uploads\/shutterstock_527663983-1536x1025.webp 1536w, https:\/\/hamburgstagdo.com\/wp-content\/uploads\/shutterstock_527663983-2048x1366.webp 2048w, https:\/\/hamburgstagdo.com\/wp-content\/uploads\/shutterstock_527663983-18x12.webp 18w, https:\/\/hamburgstagdo.com\/wp-content\/uploads\/shutterstock_527663983-scaled.webp 1920w\" sizes=\"auto, (max-width: 1024px) 100vw, 1024px\" \/><figcaption class=\"wp-element-caption\">Hamburg bei Nacht<\/figcaption><\/figure>\n\n\n\n<p><strong>Fliegen<\/strong><\/p>\n\n\n\n<p>Eine M\u00f6glichkeit ist der Flug nach <strong>Flughafen Hamburg<\/strong>der sich etwa 8 Meilen n\u00f6rdlich des Stadtzentrums befindet. Der Flughafen bietet regelm\u00e4\u00dfige Fl\u00fcge von und zu gr\u00f6\u00dferen St\u00e4dten in Europa sowie einige Langstreckenziele. Wenn Sie zum Beispiel aus England kommen, k\u00f6nnen Sie von London oder Manchester aus fliegen.<\/p>\n\n\n\n<p>Wir k\u00f6nnen Ihnen helfen, die <a href=\"https:\/\/hamburgstagdo.com\/de\/uberweisungen\/flughafentransfer\/\">Transfer vom Flughafen<\/a>damit Sie stilvoll zu Ihrer Unterkunft gelangen k\u00f6nnen.<\/p>\n\n\n\n<p><strong>Zug<\/strong><\/p>\n\n\n\n<p>Eine andere M\u00f6glichkeit ist, mit dem Zug nach Hamburg zu reisen. Hamburg hat regelm\u00e4\u00dfige Verbindungen zu anderen Gro\u00dfst\u00e4dten in Deutschland sowie zu anderen europ\u00e4ischen L\u00e4ndern. Wenn Sie von Deutschland aus anreisen, k\u00f6nnen Sie mit einem <strong>ICE-Hochgeschwindigkeitszug<\/strong> nach Hamburg, der Sie direkt ins Stadtzentrum bringt.<\/p>\n\n\n\n<p><strong>Auto<\/strong><\/p>\n\n\n\n<p>Wenn Sie mit dem Auto nach Hamburg fahren, k\u00f6nnen Sie die Stadt \u00fcber die <strong>Autobahnen A1 oder A7<\/strong>. Diese Autobahnen verbinden Hamburg mit anderen gro\u00dfen St\u00e4dten in Deutschland, wie Berlin und Frankfurt. Wenn Sie Hamburg erreichen, k\u00f6nnen Sie Ihr Auto in einem der vielen \u00f6ffentlichen Parkh\u00e4user der Stadt abstellen.<\/p>\n\n\n\n<p>Insgesamt gibt es viele M\u00f6glichkeiten, nach Hamburg zu kommen, und die beste Option f\u00fcr Sie wird von Ihren individuellen Umst\u00e4nden abh\u00e4ngen. Egal, ob Sie fliegen, den Zug nehmen oder mit dem Auto fahren, Hamburg ist leicht erreichbar und ein gro\u00dfartiges Ziel f\u00fcr eine Reise.<\/p>","protected":false},"excerpt":{"rendered":"<p>Hamburg liegt im Norden Deutschlands und ist eine lebendige und aufregende Stadt, die einen Besuch wert ist. Mit \u00fcber 1,8 Millionen Einwohnern ist sie die zweitgr\u00f6\u00dfte Stadt Deutschlands und eine der gr\u00f6\u00dften Hafenst\u00e4dte Europas. Wenn du einen Junggesellenabschied in Hamburg planst, gibt es mehrere M\u00f6glichkeiten, dorthin zu gelangen. ... <a href=\"https:\/\/hamburgstagdo.com\/de\/how-to-get-to-hamburg\/\">Fortsetzung<\/a><\/p>","protected":false},"author":41,"featured_media":258,"parent":0,"menu_order":0,"comment_status":"closed","ping_status":"closed","template":"","meta":{"footnotes":""},"class_list":["post-198","page","type-page","status-publish","has-post-thumbnail","hentry"],"acf":{"page_subheading":"Find out how to get to Hamburg the best way, so you can start the stag party as soon as physically possible."},"_links":{"self":[{"href":"https:\/\/hamburgstagdo.com\/de\/wp-json\/wp\/v2\/pages\/198","targetHints":{"allow":["GET"]}}],"collection":[{"href":"https:\/\/hamburgstagdo.com\/de\/wp-json\/wp\/v2\/pages"}],"about":[{"href":"https:\/\/hamburgstagdo.com\/de\/wp-json\/wp\/v2\/types\/page"}],"author":[{"embeddable":true,"href":"https:\/\/hamburgstagdo.com\/de\/wp-json\/wp\/v2\/users\/41"}],"replies":[{"embeddable":true,"href":"https:\/\/hamburgstagdo.com\/de\/wp-json\/wp\/v2\/comments?post=198"}],"version-history":[{"count":3,"href":"https:\/\/hamburgstagdo.com\/de\/wp-json\/wp\/v2\/pages\/198\/revisions"}],"predecessor-version":[{"id":210,"href":"https:\/\/hamburgstagdo.com\/de\/wp-json\/wp\/v2\/pages\/198\/revisions\/210"}],"wp:featuredmedia":[{"embeddable":true,"href":"https:\/\/hamburgstagdo.com\/de\/wp-json\/wp\/v2\/media\/258"}],"wp:attachment":[{"href":"https:\/\/hamburgstagdo.com\/de\/wp-json\/wp\/v2\/media?parent=198"}],"curies":[{"name":"wp","href":"https:\/\/api.w.org\/{rel}","templated":true}]}}