{"id":49,"date":"2022-12-15T11:59:26","date_gmt":"2022-12-15T11:59:26","guid":{"rendered":"https:\/\/hamburgstagdo.com\/?page_id=49"},"modified":"2026-02-24T11:58:13","modified_gmt":"2026-02-24T11:58:13","slug":"uber-uns","status":"publish","type":"page","link":"https:\/\/hamburgstagdo.com\/de\/about-us\/","title":{"rendered":"\u00dcber uns"},"content":{"rendered":"<p>Mein Team und ich sind bestrebt, Ihnen zu helfen <strong>das perfekte Junggesellenwochenende planen<\/strong> und die beste Zeit eures Lebens haben. Wir sind daf\u00fcr da, dass alles reibungslos abl\u00e4uft und Sie und Ihre Freunde eine unvergessliche Zeit haben.<\/p>\n\n\n\n<p>Wir verstehen, dass die Planung einer Reise schwierig sein kann, besonders wenn es sich um einen Junggesellenabschied handelt, aber mit unserer Hilfe k\u00f6nnen Sie sicher sein, dass sich um alles gek\u00fcmmert wird.<\/p>\n\n\n\n<p>Wir werden <strong>helfen Ihnen, h\u00e4ufige Fehler zu vermeiden<\/strong> und Missgeschicke, wie z. B. die Buchung einer Unterkunft, die zu weit vom Geschehen entfernt ist, \u00fcberh\u00f6hte Ausgaben f\u00fcr Aktivit\u00e4ten oder die versehentliche Planung von Aktivit\u00e4ten, die nach einer durchzechten Nacht einen n\u00fcchternen Geist erfordern.<\/p>\n\n\n\n<p>\u00dcberlassen Sie uns die Details und sorgen Sie f\u00fcr eine <strong>gut geplante Reiseroute<\/strong> die es Ihnen erm\u00f6glicht, sich auf das Feiern und den Spa\u00df mit Ihren Freunden zu konzentrieren.<\/p>\n\n\n\n<figure class=\"wp-block-image size-large\"><img loading=\"lazy\" decoding=\"async\" width=\"1024\" height=\"683\" src=\"https:\/\/hamburgstagdo.com\/wp-content\/uploads\/shutterstock_787000135-1024x683.webp\" alt=\"Der Hamburger Hafen\" class=\"wp-image-222\" srcset=\"https:\/\/hamburgstagdo.com\/wp-content\/uploads\/shutterstock_787000135-1024x683.webp 1024w, https:\/\/hamburgstagdo.com\/wp-content\/uploads\/shutterstock_787000135-300x200.webp 300w, https:\/\/hamburgstagdo.com\/wp-content\/uploads\/shutterstock_787000135-768x513.webp 768w, https:\/\/hamburgstagdo.com\/wp-content\/uploads\/shutterstock_787000135-1536x1025.webp 1536w, https:\/\/hamburgstagdo.com\/wp-content\/uploads\/shutterstock_787000135-2048x1367.webp 2048w, https:\/\/hamburgstagdo.com\/wp-content\/uploads\/shutterstock_787000135-18x12.webp 18w, https:\/\/hamburgstagdo.com\/wp-content\/uploads\/shutterstock_787000135-scaled.webp 1920w\" sizes=\"auto, (max-width: 1024px) 100vw, 1024px\" \/><figcaption class=\"wp-element-caption\">Der Hamburger Hafen<\/figcaption><\/figure>\n\n\n\n<h2 class=\"wp-block-heading\">Engagiert und vertrauensw\u00fcrdig<\/h2>\n\n\n\n<p>Seit 2015 organisieren wir unvergessliche Junggesellenabschiede f\u00fcr unsere m\u00e4nnlichen Kunden. Wir sind ein <strong>finanziell abgesichert<\/strong> Reiseunternehmen, das daf\u00fcr sorgt, dass Ihr Geld jederzeit sicher ist.<\/p>\n\n\n\n<p>Unser <strong>flexible Buchungsm\u00f6glichkeiten<\/strong> Wir geben euch, was ihr wollt, und machen es euch leicht, schnell und effizient eine tolle Junggesellenreise zusammenzustellen. Wir werden Sie nicht im Stich lassen, w\u00e4hrend Sie sich zur\u00fccklehnen, entspannen und Ihre Energie f\u00fcr die Reise Ihres Lebens aufsparen.<\/p>\n\n\n\n<p>Und <strong>wir lieben Hamburg absolut<\/strong> - Wir halten Hamburg f\u00fcr eine der besten Partyst\u00e4dte in Europa! Mit seinem pulsierenden Nachtleben, den atemberaubenden Wasserstra\u00dfen und den endlosen Unterhaltungsm\u00f6glichkeiten ist Hamburg das perfekte Ziel f\u00fcr einen Junggesellenabschied. Von einer Fahrt auf einem Partyboot bis hin zu einem Besuch in den angesagtesten Clubs und Bars - es gibt viele M\u00f6glichkeiten, sich in dieser tollen Stadt auszutoben.<\/p>\n\n\n\n<p>Wir sind stolz auf unser Angebot <strong>gro\u00dfartiger Service zu den besten Preisen<\/strong> und pflegen gleichzeitig enge Arbeitsbeziehungen zu unseren Partnerunternehmen.<\/p>\n\n\n\n<p>Unsere Partner bieten ein einzigartiges Angebot an Aktivit\u00e4ten, die Ihnen mit Sicherheit viele unvergessliche Erlebnisse bescheren werden. Wir setzen gro\u00dfes Vertrauen in unser Team, das wir gezielt ausgew\u00e4hlt haben, weil es unser Unternehmen auf die positivste Weise repr\u00e4sentiert.<\/p>\n\n\n\n<figure class=\"wp-block-image size-large\"><img loading=\"lazy\" decoding=\"async\" width=\"1024\" height=\"228\" src=\"https:\/\/hamburgstagdo.com\/wp-content\/uploads\/shutterstock_74185774-1024x228.webp\" alt=\"shutterstock 74185774\" class=\"wp-image-225\" srcset=\"https:\/\/hamburgstagdo.com\/wp-content\/uploads\/shutterstock_74185774-1024x228.webp 1024w, https:\/\/hamburgstagdo.com\/wp-content\/uploads\/shutterstock_74185774-300x67.webp 300w, https:\/\/hamburgstagdo.com\/wp-content\/uploads\/shutterstock_74185774-768x171.webp 768w, https:\/\/hamburgstagdo.com\/wp-content\/uploads\/shutterstock_74185774-1536x341.webp 1536w, https:\/\/hamburgstagdo.com\/wp-content\/uploads\/shutterstock_74185774-2048x455.webp 2048w, https:\/\/hamburgstagdo.com\/wp-content\/uploads\/shutterstock_74185774-18x4.webp 18w, https:\/\/hamburgstagdo.com\/wp-content\/uploads\/shutterstock_74185774-scaled.webp 1920w\" sizes=\"auto, (max-width: 1024px) 100vw, 1024px\" \/><figcaption class=\"wp-element-caption\">Die Stadt ist bei Nacht noch sch\u00f6ner<\/figcaption><\/figure>\n\n\n\n<h2 class=\"wp-block-heading\">Lasst uns den besten Junggesellenabschied eures Lebens planen!<\/h2>\n\n\n\n<p>Wir nehmen eine <strong>pers\u00f6nlicher Ansatz bei der Planung Ihres Junggesellenwochenendes<\/strong>Wie wir wissen, ist jede Partnerschaftsgruppe einzigartig.<\/p>\n\n\n\n<p>Wenn Sie Ihr Junggesellenwochenende mit uns organisieren, k\u00fcmmern wir uns um die gesamte Logistik und sorgen f\u00fcr einen reibungslosen Ablauf. Wir werden <strong>24\/7 verf\u00fcgbar<\/strong> Wir helfen Ihnen bei allen Fragen und Problemen, die auftauchen k\u00f6nnen, und wir stellen sicher, dass Sie alle Informationen erhalten, die Sie brauchen, um Ihre Zeit in Hamburg optimal zu nutzen.<\/p>\n\n\n\n<p>Und dank unseres Fachwissens und unserer Ortskenntnis k\u00f6nnen Sie sowohl Geld als auch Zeit sparen, indem Sie kostspielige Fehler und schlecht geplante Reiserouten vermeiden.<br>Fragen Sie jetzt an und beginnen Sie mit der Planung der ultimativen Feier f\u00fcr die letzten Tage des Junggesellen in Freiheit.<\/p>\n\n\n\n<figure class=\"wp-block-image size-large\"><img loading=\"lazy\" decoding=\"async\" width=\"1024\" height=\"768\" src=\"https:\/\/hamburgstagdo.com\/wp-content\/uploads\/shutterstock_665972497-1024x768.webp\" alt=\"shutterstock 665972497\" class=\"wp-image-226\" srcset=\"https:\/\/hamburgstagdo.com\/wp-content\/uploads\/shutterstock_665972497-1024x768.webp 1024w, https:\/\/hamburgstagdo.com\/wp-content\/uploads\/shutterstock_665972497-300x225.webp 300w, https:\/\/hamburgstagdo.com\/wp-content\/uploads\/shutterstock_665972497-768x576.webp 768w, https:\/\/hamburgstagdo.com\/wp-content\/uploads\/shutterstock_665972497-1536x1152.webp 1536w, https:\/\/hamburgstagdo.com\/wp-content\/uploads\/shutterstock_665972497-2048x1536.webp 2048w, https:\/\/hamburgstagdo.com\/wp-content\/uploads\/shutterstock_665972497-16x12.webp 16w, https:\/\/hamburgstagdo.com\/wp-content\/uploads\/shutterstock_665972497.webp 1920w\" sizes=\"auto, (max-width: 1024px) 100vw, 1024px\" \/><figcaption class=\"wp-element-caption\">Hamburg ist bekannt f\u00fcr sein pulsierendes Nachtleben<\/figcaption><\/figure>\n\n\n\n<p>Finden Sie heraus, wo Sie sonst noch mit uns auf einen Junggesellenabschied gehen k\u00f6nnen:<\/p>\n\n\n\n<ul class=\"wp-block-list\">\n<li><a href=\"https:\/\/amsterdam-stag-do.com\/\">Amsterdam Junggesellenabschied<\/a><\/li>\n\n\n\n<li><a href=\"https:\/\/berlin-stag-do.com\/\">Berlin Junggesellenabschied<\/a><\/li>\n\n\n\n<li><a href=\"https:\/\/hvarstagdo.com\/\">Hvar Junggesellenabschied<\/a><\/li>\n\n\n\n<li><a href=\"https:\/\/lisbonstagdo.com\/\">Lissabon Junggesellenabschied<\/a><\/li>\n\n\n\n<li><a href=\"https:\/\/munichstagdo.com\/\">M\u00fcnchener Junggesellenabschied<\/a><\/li>\n\n\n\n<li><a href=\"https:\/\/prague-stag-do.com\/\">Prag Junggesellenabschied<\/a><\/li>\n\n\n\n<li><a href=\"https:\/\/riga-stag-do.com\/\">Rigaer Junggesellenabschied<\/a><\/li>\n\n\n\n<li><a href=\"https:\/\/stagpartyljubljana.com\/\">Junggesellenabschied Ljubljana<\/a><\/li>\n\n\n\n<li><a href=\"https:\/\/ibizastagdo.com\">Ibiza Junggesellenabschied<\/a><\/li>\n\n\n\n<li><a href=\"https:\/\/benidorm-stag-do.com\/\">Benidorm Junggesellenabschied<\/a><\/li>\n\n\n\n<li><a href=\"https:\/\/budapest-stag-do.com\/\">Budapest Junggesellenabschied<\/a><\/li>\n\n\n\n<li><a href=\"https:\/\/stagdovegas.com\/\">Junggesellenabschied Vegas<\/a><\/li>\n\n\n\n<li><a href=\"https:\/\/stagdobarcelona.com\/\">Junggesellenabschied Barcelona<\/a><\/li>\n\n\n\n<li><a href=\"https:\/\/stagdozagreb.com\/\">Junggesellenabschied Zagreb<\/a><\/li>\n\n\n\n<li><a href=\"https:\/\/splitstagdo.com\/\">Split Junggesellenabschied<\/a><\/li>\n\n\n\n<li><a href=\"https:\/\/dubrovnikstagdo.com\/\">Dubrovnik Junggesellenabschied<\/a><\/li>\n\n\n\n<li><a href=\"https:\/\/madridstagdo.com\/\">Madrid Junggesellenabschied<\/a><\/li>\n\n\n\n<li><a href=\"https:\/\/bucharest-stag-do.com\/\">Bukarest Junggesellenabschied<\/a><\/li>\n\n\n\n<li><a href=\"https:\/\/albufeirastagdo.com\/\">Albufeira Junggesellenabschied<\/a><\/li>\n\n\n\n<li><a href=\"https:\/\/dublinstagdo.com\/\">Dublin Junggesellenabschied<\/a><\/li>\n\n\n\n<li><a href=\"https:\/\/stagdokrakow.com\/\">Krakau Junggesellenabschied<\/a><\/li>\n<\/ul>","protected":false},"excerpt":{"rendered":"<p>Mein Team und ich haben es uns zur Aufgabe gemacht, euch bei der Planung eures perfekten Junggesellenabschieds zu helfen und euch die beste Zeit eures Lebens zu bereiten. Wir sind daf\u00fcr da, dass alles reibungslos abl\u00e4uft und du und deine Freunde eine unvergessliche Zeit haben. Wir wissen, dass die Planung einer Reise schwierig sein kann, vor allem, wenn es sich um einen ... <a href=\"https:\/\/hamburgstagdo.com\/de\/about-us\/\">Fortsetzung<\/a><\/p>","protected":false},"author":41,"featured_media":180,"parent":0,"menu_order":0,"comment_status":"closed","ping_status":"closed","template":"","meta":{"footnotes":""},"class_list":["post-49","page","type-page","status-publish","has-post-thumbnail","hentry"],"acf":{"page_subheading":"Make this weekend an epic one with Hamburg Stag Do. From dancing the night away to trying thrilling new activities, we've got everything you need."},"_links":{"self":[{"href":"https:\/\/hamburgstagdo.com\/de\/wp-json\/wp\/v2\/pages\/49","targetHints":{"allow":["GET"]}}],"collection":[{"href":"https:\/\/hamburgstagdo.com\/de\/wp-json\/wp\/v2\/pages"}],"about":[{"href":"https:\/\/hamburgstagdo.com\/de\/wp-json\/wp\/v2\/types\/page"}],"author":[{"embeddable":true,"href":"https:\/\/hamburgstagdo.com\/de\/wp-json\/wp\/v2\/users\/41"}],"replies":[{"embeddable":true,"href":"https:\/\/hamburgstagdo.com\/de\/wp-json\/wp\/v2\/comments?post=49"}],"version-history":[{"count":21,"href":"https:\/\/hamburgstagdo.com\/de\/wp-json\/wp\/v2\/pages\/49\/revisions"}],"predecessor-version":[{"id":15472,"href":"https:\/\/hamburgstagdo.com\/de\/wp-json\/wp\/v2\/pages\/49\/revisions\/15472"}],"wp:featuredmedia":[{"embeddable":true,"href":"https:\/\/hamburgstagdo.com\/de\/wp-json\/wp\/v2\/media\/180"}],"wp:attachment":[{"href":"https:\/\/hamburgstagdo.com\/de\/wp-json\/wp\/v2\/media?parent=49"}],"curies":[{"name":"wp","href":"https:\/\/api.w.org\/{rel}","templated":true}]}}