{"id":69,"date":"2022-12-15T12:07:36","date_gmt":"2022-12-15T12:07:36","guid":{"rendered":"https:\/\/hamburgstagdo.com\/?page_id=69"},"modified":"2022-12-16T12:50:08","modified_gmt":"2022-12-16T12:50:08","slug":"uber-hamburg","status":"publish","type":"page","link":"https:\/\/hamburgstagdo.com\/de\/about-hamburg\/","title":{"rendered":"\u00dcber Hamburg"},"content":{"rendered":"<p>Hamburg ist der <strong>zweitgr\u00f6\u00dfte Stadt in Deutschland<\/strong>mit einer Bev\u00f6lkerung von \u00fcber <strong>1,85 Millionen<\/strong> Menschen, die im n\u00f6rdlichen Teil des Landes leben.<\/p>\n\n\n\n<p>Wegen seiner strategischen Lage an der Grenze zur Welt wird es manchmal als \"Tor zur Welt\" bezeichnet. <strong>Elbe<\/strong>Die Stadt ist seit Jahrhunderten ein wichtiges Handels- und Wirtschaftszentrum. Die Stadt hat <strong>einer der verkehrsreichsten H\u00e4fen in Europa<\/strong> und ist seit langem ein bedeutendes Zentrum des Seehandels und des Handels.<\/p>\n\n\n\n<p>Die verkehrsg\u00fcnstige Lage hat die Stadt auch zu einem beliebten Tor f\u00fcr Reisende und Einwanderer aus aller Welt gemacht. Diese reiche Geschichte und Vielfalt haben Hamburg ein <strong>kosmopolitische Atmosph\u00e4re<\/strong> und machte sie zu einem bl\u00fchenden Zentrum des internationalen Handels und der Kultur.<\/p>\n\n\n\n<figure class=\"wp-block-image size-large\"><img loading=\"lazy\" decoding=\"async\" width=\"1024\" height=\"683\" src=\"https:\/\/hamburgstagdo.com\/wp-content\/uploads\/shutterstock_595858976-1024x683.webp\" alt=\"shutterstock 595858976\" class=\"wp-image-217\" srcset=\"https:\/\/hamburgstagdo.com\/wp-content\/uploads\/shutterstock_595858976-1024x683.webp 1024w, https:\/\/hamburgstagdo.com\/wp-content\/uploads\/shutterstock_595858976-300x200.webp 300w, https:\/\/hamburgstagdo.com\/wp-content\/uploads\/shutterstock_595858976-768x512.webp 768w, https:\/\/hamburgstagdo.com\/wp-content\/uploads\/shutterstock_595858976-1536x1024.webp 1536w, https:\/\/hamburgstagdo.com\/wp-content\/uploads\/shutterstock_595858976-2048x1366.webp 2048w, https:\/\/hamburgstagdo.com\/wp-content\/uploads\/shutterstock_595858976-18x12.webp 18w, https:\/\/hamburgstagdo.com\/wp-content\/uploads\/shutterstock_595858976-scaled.webp 1920w\" sizes=\"auto, (max-width: 1024px) 100vw, 1024px\" \/><figcaption class=\"wp-element-caption\">Das sch\u00f6ne Hamburg im Fr\u00fchling<\/figcaption><\/figure>\n\n\n\n<p><\/p>\n\n\n\n<h2 class=\"wp-block-heading\">Ausgezeichnet f\u00fcr das beste Nachtleben der Welt<\/h2>\n\n\n\n<p>Hamburg ist bekannt f\u00fcr sein pulsierendes Nachtleben, mit einem <strong>eine gro\u00dfe Auswahl an Bars, Clubs und Musiklokalen<\/strong> f\u00fcr alle Geschm\u00e4cker und Vorlieben. Hostelworld bewertete die Stadt sogar als die Stadt mit dem besten Nachtleben der Welt.<\/p>\n\n\n\n<p>Der zentrale Stadtteil St. Pauli ist besonders bekannt f\u00fcr seine <strong>lebhaftes Nachtleben<\/strong>Das Angebot reicht von traditionellen deutschen Bierhallen bis hin zu trendigen Cocktailbars und Live-Musik-Locations.<\/p>\n\n\n\n<p>Der Kern der Sache ist <strong>Reeperbahnstra\u00dfe<\/strong>Die Stadt ist bekannt f\u00fcr ihr lebhaftes und oft l\u00e4rmendes Nachtleben. Diese <strong>Rotlichtviertel<\/strong> ist ges\u00e4umt von allen m\u00f6glichen Vergn\u00fcgungsst\u00e4tten, darunter viele, die f\u00fcr ihre expliziten oder erotischen Inhalte bekannt sind, die sicherlich jeden Junggesellenabschied aufpeppen werden. Dazu geh\u00f6ren Sexshops, Stripclubs und andere auf Erwachsene ausgerichtete Lokale, aber auch traditionelle Bars und Clubs.<\/p>\n\n\n\n<p>Das Hamburger Nachtleben erstreckt sich \u00fcber die ber\u00fchmte Reeperbahn hinaus, mit M\u00f6glichkeiten wie <strong>schwimmende Musikclubs<\/strong> auf der Elbe und verschiedene Musikfestivals im Laufe des Jahres. All dies sind einzigartige und aufregende M\u00f6glichkeiten, um die lebendige Unterhaltungsszene der Stadt an Ihrem ultimativen Junggesellenabschiedswochenende zu erleben.<\/p>\n\n\n\n<figure class=\"wp-block-image size-large\"><img loading=\"lazy\" decoding=\"async\" width=\"1024\" height=\"683\" src=\"https:\/\/hamburgstagdo.com\/wp-content\/uploads\/shutterstock_1208198794-1024x683.webp\" alt=\"shutterstock 1208198794\" class=\"wp-image-219\" srcset=\"https:\/\/hamburgstagdo.com\/wp-content\/uploads\/shutterstock_1208198794-1024x683.webp 1024w, https:\/\/hamburgstagdo.com\/wp-content\/uploads\/shutterstock_1208198794-300x200.webp 300w, https:\/\/hamburgstagdo.com\/wp-content\/uploads\/shutterstock_1208198794-768x512.webp 768w, https:\/\/hamburgstagdo.com\/wp-content\/uploads\/shutterstock_1208198794-1536x1024.webp 1536w, https:\/\/hamburgstagdo.com\/wp-content\/uploads\/shutterstock_1208198794-2048x1365.webp 2048w, https:\/\/hamburgstagdo.com\/wp-content\/uploads\/shutterstock_1208198794-18x12.webp 18w, https:\/\/hamburgstagdo.com\/wp-content\/uploads\/shutterstock_1208198794-scaled.webp 1920w\" sizes=\"auto, (max-width: 1024px) 100vw, 1024px\" \/><figcaption class=\"wp-element-caption\">Elbe in Hamburg<\/figcaption><\/figure>\n\n\n\n<p><\/p>\n\n\n\n<h2 class=\"wp-block-heading\">G\u00fcnstige Biere bedeuten ein wildes Wochenende!<\/h2>\n\n\n\n<p>Die Preise in der Stadt k\u00f6nnen variieren, je nachdem, wohin Sie gehen und was Sie tun, aber im Allgemeinen ist Hamburg bekannt daf\u00fcr, dass es <strong>relativ g\u00fcnstig<\/strong> im Vergleich zu anderen europ\u00e4ischen Gro\u00dfst\u00e4dten.<\/p>\n\n\n\n<p>Das gilt insbesondere f\u00fcr Bier, das im Vergleich zu anderen L\u00e4ndern relativ g\u00fcnstig ist. Aber denken Sie daran, dass es davon abh\u00e4ngt, wo Sie hingehen - die Preise k\u00f6nnen in einigen gehobenen Lokalen an den belebten Stra\u00dfen h\u00f6her sein.<\/p>\n\n\n\n<p>Was das Essen betrifft, so ist Hamburg bekannt f\u00fcr seine <strong>vielf\u00e4ltige kulinarische Szene<\/strong>Die Stadt bietet eine gro\u00dfe Auswahl an Restaurants und Caf\u00e9s, die von traditioneller deutscher K\u00fcche bis hin zu internationalen Gerichten alles anbieten. Zu den beliebten lokalen Spezialit\u00e4ten geh\u00f6ren die ber\u00fchmten Fischbr\u00f6tchen der Stadt sowie herzhafte Gerichte wie Gr\u00fcnkohl und Labskaus.<\/p>\n\n\n\n<p><a href=\"https:\/\/hamburgstagdo.com\/de\/kontaktieren-sie-uns\/\">Kontakt<\/a> f\u00fcr alle Fragen zur Planung Ihres wildesten Junggesellenabschieds in Hamburg.<\/p>\n\n\n\n<p><\/p>\n\n\n\n<figure class=\"wp-block-image size-large\"><img loading=\"lazy\" decoding=\"async\" width=\"1024\" height=\"443\" src=\"https:\/\/hamburgstagdo.com\/wp-content\/uploads\/shutterstock_334328225-1024x443.webp\" alt=\"shutterstock 334328225\" class=\"wp-image-220\" srcset=\"https:\/\/hamburgstagdo.com\/wp-content\/uploads\/shutterstock_334328225-1024x443.webp 1024w, https:\/\/hamburgstagdo.com\/wp-content\/uploads\/shutterstock_334328225-300x130.webp 300w, https:\/\/hamburgstagdo.com\/wp-content\/uploads\/shutterstock_334328225-768x332.webp 768w, https:\/\/hamburgstagdo.com\/wp-content\/uploads\/shutterstock_334328225-1536x665.webp 1536w, https:\/\/hamburgstagdo.com\/wp-content\/uploads\/shutterstock_334328225-2048x886.webp 2048w, https:\/\/hamburgstagdo.com\/wp-content\/uploads\/shutterstock_334328225-18x8.webp 18w, https:\/\/hamburgstagdo.com\/wp-content\/uploads\/shutterstock_334328225-scaled.webp 1920w\" sizes=\"auto, (max-width: 1024px) 100vw, 1024px\" \/><figcaption class=\"wp-element-caption\">Sommer in der Stadt<\/figcaption><\/figure>","protected":false},"excerpt":{"rendered":"<p>Hamburg ist mit \u00fcber 1,85 Millionen Einwohnern die zweitgr\u00f6\u00dfte Stadt in Deutschland und liegt im Norden des Landes. Aufgrund ihrer strategischen Lage an der Elbe, die sie seit Jahrhunderten zu einem wichtigen Handels- und Wirtschaftszentrum macht, wird sie manchmal als \"Tor zur Welt\" bezeichnet. Die ... <a href=\"https:\/\/hamburgstagdo.com\/de\/about-hamburg\/\">Fortsetzung<\/a><\/p>","protected":false},"author":41,"featured_media":230,"parent":0,"menu_order":0,"comment_status":"closed","ping_status":"closed","template":"","meta":{"footnotes":""},"class_list":["post-69","page","type-page","status-publish","has-post-thumbnail","hentry"],"acf":{"page_subheading":"Learn more about Hamburg, and get ready to experience its vibrant nightlife and rich cultural heritage on your stag do."},"_links":{"self":[{"href":"https:\/\/hamburgstagdo.com\/de\/wp-json\/wp\/v2\/pages\/69","targetHints":{"allow":["GET"]}}],"collection":[{"href":"https:\/\/hamburgstagdo.com\/de\/wp-json\/wp\/v2\/pages"}],"about":[{"href":"https:\/\/hamburgstagdo.com\/de\/wp-json\/wp\/v2\/types\/page"}],"author":[{"embeddable":true,"href":"https:\/\/hamburgstagdo.com\/de\/wp-json\/wp\/v2\/users\/41"}],"replies":[{"embeddable":true,"href":"https:\/\/hamburgstagdo.com\/de\/wp-json\/wp\/v2\/comments?post=69"}],"version-history":[{"count":3,"href":"https:\/\/hamburgstagdo.com\/de\/wp-json\/wp\/v2\/pages\/69\/revisions"}],"predecessor-version":[{"id":221,"href":"https:\/\/hamburgstagdo.com\/de\/wp-json\/wp\/v2\/pages\/69\/revisions\/221"}],"wp:featuredmedia":[{"embeddable":true,"href":"https:\/\/hamburgstagdo.com\/de\/wp-json\/wp\/v2\/media\/230"}],"wp:attachment":[{"href":"https:\/\/hamburgstagdo.com\/de\/wp-json\/wp\/v2\/media?parent=69"}],"curies":[{"name":"wp","href":"https:\/\/api.w.org\/{rel}","templated":true}]}}