{"id":198,"date":"2022-12-16T11:25:22","date_gmt":"2022-12-16T11:25:22","guid":{"rendered":"https:\/\/hamburgstagdo.com\/?page_id=198"},"modified":"2022-12-16T13:42:54","modified_gmt":"2022-12-16T13:42:54","slug":"como-llegar-a-hamburgo","status":"publish","type":"page","link":"https:\/\/hamburgstagdo.com\/es\/how-to-get-to-hamburg\/","title":{"rendered":"\u00bfC\u00f3mo llegar a Hamburgo?"},"content":{"rendered":"<p>Situada en el norte de Alemania, Hamburgo es una ciudad vibrante y emocionante que bien merece una visita. Con una poblaci\u00f3n de m\u00e1s de 1,8 millones de habitantes, es la segunda ciudad m\u00e1s grande de Alemania y uno de los mayores puertos de Europa. Si est\u00e1 planeando una despedida de soltero en Hamburgo, hay varias formas de llegar.<\/p>\n\n\n\n<figure class=\"wp-block-image size-large\"><img loading=\"lazy\" decoding=\"async\" width=\"1024\" height=\"683\" src=\"https:\/\/hamburgstagdo.com\/wp-content\/uploads\/shutterstock_527663983-1024x683.webp\" alt=\"Hamburgo de noche\" class=\"wp-image-181\" srcset=\"https:\/\/hamburgstagdo.com\/wp-content\/uploads\/shutterstock_527663983-1024x683.webp 1024w, https:\/\/hamburgstagdo.com\/wp-content\/uploads\/shutterstock_527663983-300x200.webp 300w, https:\/\/hamburgstagdo.com\/wp-content\/uploads\/shutterstock_527663983-768x512.webp 768w, https:\/\/hamburgstagdo.com\/wp-content\/uploads\/shutterstock_527663983-1536x1025.webp 1536w, https:\/\/hamburgstagdo.com\/wp-content\/uploads\/shutterstock_527663983-2048x1366.webp 2048w, https:\/\/hamburgstagdo.com\/wp-content\/uploads\/shutterstock_527663983-18x12.webp 18w, https:\/\/hamburgstagdo.com\/wp-content\/uploads\/shutterstock_527663983-scaled.webp 1920w\" sizes=\"auto, (max-width: 1024px) 100vw, 1024px\" \/><figcaption class=\"wp-element-caption\">Hamburgo de noche<\/figcaption><\/figure>\n\n\n\n<p><strong>Volando<\/strong><\/p>\n\n\n\n<p>Una opci\u00f3n es volar a <strong>Aeropuerto de Hamburgo<\/strong>situado a unos 13 km al norte del centro de la ciudad. El aeropuerto ofrece vuelos regulares desde y hacia las principales ciudades de Europa, as\u00ed como algunos destinos de larga distancia. Por ejemplo, si vuela desde Inglaterra, puede hacerlo desde Londres o Manchester.<\/p>\n\n\n\n<p>Podemos ayudarle a organizar la <a href=\"https:\/\/hamburgstagdo.com\/es\/transferencias\/traslado-al-aeropuerto\/\">traslado desde el aeropuerto<\/a>para que pueda llegar a su alojamiento con estilo.<\/p>\n\n\n\n<p><strong>Tren<\/strong><\/p>\n\n\n\n<p>Otra opci\u00f3n es viajar a Hamburgo en tren. Hamburgo tiene conexiones regulares con otras ciudades importantes de Alemania, as\u00ed como con otros pa\u00edses europeos. Si viene desde el interior de Alemania, puede tomar un <strong>tren de alta velocidad ICE<\/strong> a Hamburgo, que le llevar\u00e1 directamente al centro de la ciudad.<\/p>\n\n\n\n<p><strong>Coche<\/strong><\/p>\n\n\n\n<p>Si va en coche a Hamburgo, puede llegar a la ciudad tomando la <strong>Autopistas A1 o A7<\/strong>. Estas autopistas conectan Hamburgo con otras ciudades importantes de Alemania, como Berl\u00edn y Fr\u00e1ncfort. Una vez que llegue a Hamburgo, puede aparcar su coche en uno de los muchos aparcamientos p\u00fablicos de la ciudad.<\/p>\n\n\n\n<p>En general, hay muchas maneras de llegar a Hamburgo, y la mejor opci\u00f3n para usted depender\u00e1 de sus circunstancias individuales. Ya sea en avi\u00f3n, en tren o en coche, Hamburgo es f\u00e1cilmente accesible y un gran destino para un viaje.<\/p>","protected":false},"excerpt":{"rendered":"<p>Situada en el norte de Alemania, Hamburgo es una ciudad vibrante y emocionante que bien merece una visita. Con una poblaci\u00f3n de m\u00e1s de 1,8 millones de habitantes, es la segunda ciudad m\u00e1s grande de Alemania y uno de los mayores puertos de Europa. Si est\u00e1 planeando una despedida de soltero en Hamburgo, hay varias formas de llegar. ... <a href=\"https:\/\/hamburgstagdo.com\/es\/how-to-get-to-hamburg\/\">Contin\u00faa en<\/a><\/p>","protected":false},"author":41,"featured_media":258,"parent":0,"menu_order":0,"comment_status":"closed","ping_status":"closed","template":"","meta":{"footnotes":""},"class_list":["post-198","page","type-page","status-publish","has-post-thumbnail","hentry"],"acf":{"page_subheading":"Find out how to get to Hamburg the best way, so you can start the stag party as soon as physically possible."},"_links":{"self":[{"href":"https:\/\/hamburgstagdo.com\/es\/wp-json\/wp\/v2\/pages\/198","targetHints":{"allow":["GET"]}}],"collection":[{"href":"https:\/\/hamburgstagdo.com\/es\/wp-json\/wp\/v2\/pages"}],"about":[{"href":"https:\/\/hamburgstagdo.com\/es\/wp-json\/wp\/v2\/types\/page"}],"author":[{"embeddable":true,"href":"https:\/\/hamburgstagdo.com\/es\/wp-json\/wp\/v2\/users\/41"}],"replies":[{"embeddable":true,"href":"https:\/\/hamburgstagdo.com\/es\/wp-json\/wp\/v2\/comments?post=198"}],"version-history":[{"count":3,"href":"https:\/\/hamburgstagdo.com\/es\/wp-json\/wp\/v2\/pages\/198\/revisions"}],"predecessor-version":[{"id":210,"href":"https:\/\/hamburgstagdo.com\/es\/wp-json\/wp\/v2\/pages\/198\/revisions\/210"}],"wp:featuredmedia":[{"embeddable":true,"href":"https:\/\/hamburgstagdo.com\/es\/wp-json\/wp\/v2\/media\/258"}],"wp:attachment":[{"href":"https:\/\/hamburgstagdo.com\/es\/wp-json\/wp\/v2\/media?parent=198"}],"curies":[{"name":"wp","href":"https:\/\/api.w.org\/{rel}","templated":true}]}}