{"id":49,"date":"2022-12-15T11:59:26","date_gmt":"2022-12-15T11:59:26","guid":{"rendered":"https:\/\/hamburgstagdo.com\/?page_id=49"},"modified":"2026-02-24T11:58:13","modified_gmt":"2026-02-24T11:58:13","slug":"acerca-de-nosotros","status":"publish","type":"page","link":"https:\/\/hamburgstagdo.com\/es\/about-us\/","title":{"rendered":"Qui\u00e9nes somos"},"content":{"rendered":"<p>Mi equipo y yo nos comprometemos a ayudarle <strong>planifique la despedida de soltero perfecta<\/strong> y pasarlo mejor que nunca. Estamos aqu\u00ed para asegurarnos de que todo salga a pedir de boca y de que t\u00fa y tus amigos pas\u00e9is un rato inolvidable.<\/p>\n\n\n\n<p>Entendemos que planificar un viaje puede ser dif\u00edcil, especialmente cuando se trata de una despedida de soltero, pero con nuestra ayuda, puede estar seguro de que todo estar\u00e1 solucionado.<\/p>\n\n\n\n<p>Nosotros <strong>ayudarle a evitar errores comunes<\/strong> y contratiempos, como reservar un alojamiento demasiado alejado de la acci\u00f3n, gastar m\u00e1s de la cuenta en actividades o programar accidentalmente algo que requiere una mente sobria tras una noche de copas.<\/p>\n\n\n\n<p>Deje que nos encarguemos de los detalles y aseg\u00farese <strong>itinerario bien planificado<\/strong> que te permita centrarte en celebrar y divertirte con tus amigos.<\/p>\n\n\n\n<figure class=\"wp-block-image size-large\"><img loading=\"lazy\" decoding=\"async\" width=\"1024\" height=\"683\" src=\"https:\/\/hamburgstagdo.com\/wp-content\/uploads\/shutterstock_787000135-1024x683.webp\" alt=\"El puerto de Hamburgo\" class=\"wp-image-222\" srcset=\"https:\/\/hamburgstagdo.com\/wp-content\/uploads\/shutterstock_787000135-1024x683.webp 1024w, https:\/\/hamburgstagdo.com\/wp-content\/uploads\/shutterstock_787000135-300x200.webp 300w, https:\/\/hamburgstagdo.com\/wp-content\/uploads\/shutterstock_787000135-768x513.webp 768w, https:\/\/hamburgstagdo.com\/wp-content\/uploads\/shutterstock_787000135-1536x1025.webp 1536w, https:\/\/hamburgstagdo.com\/wp-content\/uploads\/shutterstock_787000135-2048x1367.webp 2048w, https:\/\/hamburgstagdo.com\/wp-content\/uploads\/shutterstock_787000135-18x12.webp 18w, https:\/\/hamburgstagdo.com\/wp-content\/uploads\/shutterstock_787000135-scaled.webp 1920w\" sizes=\"auto, (max-width: 1024px) 100vw, 1024px\" \/><figcaption class=\"wp-element-caption\">El puerto de Hamburgo<\/figcaption><\/figure>\n\n\n\n<h2 class=\"wp-block-heading\">Dedicaci\u00f3n y confianza<\/h2>\n\n\n\n<p>Desde 2015, organizamos despedidas de soltero inolvidables para nuestros clientes masculinos. Somos una <strong>protegido financieramente<\/strong> empresa de viajes, garantizando que su dinero est\u00e9 seguro en todo momento.<\/p>\n\n\n\n<p>Nuestra <strong>opciones de reserva flexibles<\/strong> te damos lo que quieres y te facilitamos la organizaci\u00f3n de un incre\u00edble viaje de despedida de soltero de forma r\u00e1pida y eficaz. No te defraudaremos mientras te sientas, te relajas y ahorras energ\u00eda para el viaje de tu vida.<\/p>\n\n\n\n<p>Y <strong>nos encanta Hamburgo<\/strong> - Creemos que es una de las mejores ciudades de Europa para salir de fiesta. Con su vibrante vida nocturna, sus impresionantes canales y sus infinitas opciones de ocio, Hamburgo es el destino perfecto para una despedida de soltero. Desde pasear por la ciudad en un barco de fiesta hasta ir a las discotecas y bares de moda, no faltan formas de divertirse en esta incre\u00edble ciudad.<\/p>\n\n\n\n<p>Estamos orgullosos de ofrecer <strong>gran servicio a los mejores precios<\/strong> al tiempo que mantenemos s\u00f3lidas relaciones de trabajo con nuestras empresas asociadas.<\/p>\n\n\n\n<p>Nuestros socios ofrecen una gama \u00fanica de actividades que sin duda le dejar\u00e1n un mont\u00f3n de experiencias inolvidables. Confiamos plenamente en nuestro equipo, elegido espec\u00edficamente porque representa a nuestra empresa de la forma m\u00e1s positiva.<\/p>\n\n\n\n<figure class=\"wp-block-image size-large\"><img loading=\"lazy\" decoding=\"async\" width=\"1024\" height=\"228\" src=\"https:\/\/hamburgstagdo.com\/wp-content\/uploads\/shutterstock_74185774-1024x228.webp\" alt=\"shutterstock 74185774\" class=\"wp-image-225\" srcset=\"https:\/\/hamburgstagdo.com\/wp-content\/uploads\/shutterstock_74185774-1024x228.webp 1024w, https:\/\/hamburgstagdo.com\/wp-content\/uploads\/shutterstock_74185774-300x67.webp 300w, https:\/\/hamburgstagdo.com\/wp-content\/uploads\/shutterstock_74185774-768x171.webp 768w, https:\/\/hamburgstagdo.com\/wp-content\/uploads\/shutterstock_74185774-1536x341.webp 1536w, https:\/\/hamburgstagdo.com\/wp-content\/uploads\/shutterstock_74185774-2048x455.webp 2048w, https:\/\/hamburgstagdo.com\/wp-content\/uploads\/shutterstock_74185774-18x4.webp 18w, https:\/\/hamburgstagdo.com\/wp-content\/uploads\/shutterstock_74185774-scaled.webp 1920w\" sizes=\"auto, (max-width: 1024px) 100vw, 1024px\" \/><figcaption class=\"wp-element-caption\">La ciudad es a\u00fan m\u00e1s bella por la noche<\/figcaption><\/figure>\n\n\n\n<h2 class=\"wp-block-heading\">\u00a1D\u00e9jenos planear la mejor despedida de soltero de su vida!<\/h2>\n\n\n\n<p>Tomamos un <strong>enfoque personal para planificar su despedida de soltero<\/strong>Como sabemos, cada grupo de compa\u00f1eros es \u00fanico.<\/p>\n\n\n\n<p>Al organizar la despedida de soltero con nosotros, nos encargaremos de toda la log\u00edstica y nos aseguraremos de que todo salga a pedir de boca. Estaremos <strong>disponible 24\/7<\/strong> para ayudarle con cualquier duda o problema que pueda surgirle, y tambi\u00e9n nos aseguraremos de que disponga de toda la informaci\u00f3n necesaria para aprovechar al m\u00e1ximo su estancia en Hamburgo.ellos<\/p>\n\n\n\n<p>Adem\u00e1s, con nuestra experiencia y conocimientos locales, podr\u00e1 ahorrar tiempo y dinero evitando errores costosos e itinerarios mal planificados.<br>Inf\u00f3rmese ahora y empiece a planificar la celebraci\u00f3n definitiva de los \u00faltimos d\u00edas de libertad del soltero.<\/p>\n\n\n\n<figure class=\"wp-block-image size-large\"><img loading=\"lazy\" decoding=\"async\" width=\"1024\" height=\"768\" src=\"https:\/\/hamburgstagdo.com\/wp-content\/uploads\/shutterstock_665972497-1024x768.webp\" alt=\"shutterstock 665972497\" class=\"wp-image-226\" srcset=\"https:\/\/hamburgstagdo.com\/wp-content\/uploads\/shutterstock_665972497-1024x768.webp 1024w, https:\/\/hamburgstagdo.com\/wp-content\/uploads\/shutterstock_665972497-300x225.webp 300w, https:\/\/hamburgstagdo.com\/wp-content\/uploads\/shutterstock_665972497-768x576.webp 768w, https:\/\/hamburgstagdo.com\/wp-content\/uploads\/shutterstock_665972497-1536x1152.webp 1536w, https:\/\/hamburgstagdo.com\/wp-content\/uploads\/shutterstock_665972497-2048x1536.webp 2048w, https:\/\/hamburgstagdo.com\/wp-content\/uploads\/shutterstock_665972497-16x12.webp 16w, https:\/\/hamburgstagdo.com\/wp-content\/uploads\/shutterstock_665972497.webp 1920w\" sizes=\"auto, (max-width: 1024px) 100vw, 1024px\" \/><figcaption class=\"wp-element-caption\">Hamburgo es conocida por su animada vida nocturna<\/figcaption><\/figure>\n\n\n\n<p>Descubra d\u00f3nde m\u00e1s puede ir de despedida de soltero con nosotros:<\/p>\n\n\n\n<ul class=\"wp-block-list\">\n<li><a href=\"https:\/\/amsterdam-stag-do.com\/\">Despedida de soltero en \u00c1msterdam<\/a><\/li>\n\n\n\n<li><a href=\"https:\/\/berlin-stag-do.com\/\">Despedida de soltero en Berl\u00edn<\/a><\/li>\n\n\n\n<li><a href=\"https:\/\/hvarstagdo.com\/\">Despedida de soltero en Hvar<\/a><\/li>\n\n\n\n<li><a href=\"https:\/\/lisbonstagdo.com\/\">Despedida de soltero en Lisboa<\/a><\/li>\n\n\n\n<li><a href=\"https:\/\/munichstagdo.com\/\">Despedida de soltero en M\u00fanich<\/a><\/li>\n\n\n\n<li><a href=\"https:\/\/prague-stag-do.com\/\">Despedida de soltero en Praga<\/a><\/li>\n\n\n\n<li><a href=\"https:\/\/riga-stag-do.com\/\">Despedida de soltero en Riga<\/a><\/li>\n\n\n\n<li><a href=\"https:\/\/stagpartyljubljana.com\/\">Despedida de soltero Liubliana<\/a><\/li>\n\n\n\n<li><a href=\"https:\/\/ibizastagdo.com\">Despedida de soltero en Ibiza<\/a><\/li>\n\n\n\n<li><a href=\"https:\/\/benidorm-stag-do.com\/\">Benidorm Despedida de soltero<\/a><\/li>\n\n\n\n<li><a href=\"https:\/\/budapest-stag-do.com\/\">Despedida de soltero en Budapest<\/a><\/li>\n\n\n\n<li><a href=\"https:\/\/stagdovegas.com\/\">Despedida de soltero en Las Vegas<\/a><\/li>\n\n\n\n<li><a href=\"https:\/\/stagdobarcelona.com\/\">Despedida de soltero Barcelona<\/a><\/li>\n\n\n\n<li><a href=\"https:\/\/stagdozagreb.com\/\">Despedida de soltero Zagreb<\/a><\/li>\n\n\n\n<li><a href=\"https:\/\/splitstagdo.com\/\">Despedida de soltero en Split<\/a><\/li>\n\n\n\n<li><a href=\"https:\/\/dubrovnikstagdo.com\/\">Despedida de soltero en Dubrovnik<\/a><\/li>\n\n\n\n<li><a href=\"https:\/\/madridstagdo.com\/\">Despedida de soltero en Madrid<\/a><\/li>\n\n\n\n<li><a href=\"https:\/\/bucharest-stag-do.com\/\">Despedida de soltero en Bucarest<\/a><\/li>\n\n\n\n<li><a href=\"https:\/\/albufeirastagdo.com\/\">Despedida de soltero en Albufeira<\/a><\/li>\n\n\n\n<li><a href=\"https:\/\/dublinstagdo.com\/\">Despedida de soltero en Dubl\u00edn<\/a><\/li>\n\n\n\n<li><a href=\"https:\/\/stagdokrakow.com\/\">Despedida de soltero en Cracovia<\/a><\/li>\n<\/ul>","protected":false},"excerpt":{"rendered":"<p>Mi equipo y yo nos comprometemos a ayudarle a planificar la despedida de soltero perfecta y a que se lo pase como nunca. Estamos aqu\u00ed para asegurarnos de que todo vaya sobre ruedas y de que t\u00fa y tus amigos pas\u00e9is unos d\u00edas inolvidables. Entendemos que planificar un viaje puede ser dif\u00edcil, especialmente cuando se trata de una ... <a href=\"https:\/\/hamburgstagdo.com\/es\/about-us\/\">Contin\u00faa en<\/a><\/p>","protected":false},"author":41,"featured_media":180,"parent":0,"menu_order":0,"comment_status":"closed","ping_status":"closed","template":"","meta":{"footnotes":""},"class_list":["post-49","page","type-page","status-publish","has-post-thumbnail","hentry"],"acf":{"page_subheading":"Make this weekend an epic one with Hamburg Stag Do. From dancing the night away to trying thrilling new activities, we've got everything you need."},"_links":{"self":[{"href":"https:\/\/hamburgstagdo.com\/es\/wp-json\/wp\/v2\/pages\/49","targetHints":{"allow":["GET"]}}],"collection":[{"href":"https:\/\/hamburgstagdo.com\/es\/wp-json\/wp\/v2\/pages"}],"about":[{"href":"https:\/\/hamburgstagdo.com\/es\/wp-json\/wp\/v2\/types\/page"}],"author":[{"embeddable":true,"href":"https:\/\/hamburgstagdo.com\/es\/wp-json\/wp\/v2\/users\/41"}],"replies":[{"embeddable":true,"href":"https:\/\/hamburgstagdo.com\/es\/wp-json\/wp\/v2\/comments?post=49"}],"version-history":[{"count":21,"href":"https:\/\/hamburgstagdo.com\/es\/wp-json\/wp\/v2\/pages\/49\/revisions"}],"predecessor-version":[{"id":15472,"href":"https:\/\/hamburgstagdo.com\/es\/wp-json\/wp\/v2\/pages\/49\/revisions\/15472"}],"wp:featuredmedia":[{"embeddable":true,"href":"https:\/\/hamburgstagdo.com\/es\/wp-json\/wp\/v2\/media\/180"}],"wp:attachment":[{"href":"https:\/\/hamburgstagdo.com\/es\/wp-json\/wp\/v2\/media?parent=49"}],"curies":[{"name":"wp","href":"https:\/\/api.w.org\/{rel}","templated":true}]}}