{"id":69,"date":"2022-12-15T12:07:36","date_gmt":"2022-12-15T12:07:36","guid":{"rendered":"https:\/\/hamburgstagdo.com\/?page_id=69"},"modified":"2022-12-16T12:50:08","modified_gmt":"2022-12-16T12:50:08","slug":"sobre-hamburgo","status":"publish","type":"page","link":"https:\/\/hamburgstagdo.com\/es\/about-hamburg\/","title":{"rendered":"Acerca de Hamburgo"},"content":{"rendered":"<p>Hamburgo es el <strong>segunda ciudad m\u00e1s grande de Alemania<\/strong>con una poblaci\u00f3n de m\u00e1s de <strong>1,85 millones de euros<\/strong> pueblo, situado en el norte del pa\u00eds.<\/p>\n\n\n\n<p>A veces se la denomina \"la puerta del mundo\" por su situaci\u00f3n estrat\u00e9gica en la costa del Mediterr\u00e1neo. <strong>R\u00edo Elba<\/strong>que la han convertido en un importante centro comercial durante siglos. La ciudad tiene <strong>uno de los puertos m\u00e1s activos de Europa<\/strong> y ha sido durante mucho tiempo un importante centro de comercio mar\u00edtimo.<\/p>\n\n\n\n<p>Su conveniente ubicaci\u00f3n tambi\u00e9n la ha convertido en una popular puerta de entrada para viajeros e inmigrantes, que han llegado a la ciudad desde todas partes del mundo. Esta rica historia y diversidad han dado a Hamburgo un <strong>ambiente cosmopolita<\/strong> y la convirti\u00f3 en un pr\u00f3spero centro de comercio y cultura internacionales.<\/p>\n\n\n\n<figure class=\"wp-block-image size-large\"><img loading=\"lazy\" decoding=\"async\" width=\"1024\" height=\"683\" src=\"https:\/\/hamburgstagdo.com\/wp-content\/uploads\/shutterstock_595858976-1024x683.webp\" alt=\"shutterstock 595858976\" class=\"wp-image-217\" srcset=\"https:\/\/hamburgstagdo.com\/wp-content\/uploads\/shutterstock_595858976-1024x683.webp 1024w, https:\/\/hamburgstagdo.com\/wp-content\/uploads\/shutterstock_595858976-300x200.webp 300w, https:\/\/hamburgstagdo.com\/wp-content\/uploads\/shutterstock_595858976-768x512.webp 768w, https:\/\/hamburgstagdo.com\/wp-content\/uploads\/shutterstock_595858976-1536x1024.webp 1536w, https:\/\/hamburgstagdo.com\/wp-content\/uploads\/shutterstock_595858976-2048x1366.webp 2048w, https:\/\/hamburgstagdo.com\/wp-content\/uploads\/shutterstock_595858976-18x12.webp 18w, https:\/\/hamburgstagdo.com\/wp-content\/uploads\/shutterstock_595858976-scaled.webp 1920w\" sizes=\"auto, (max-width: 1024px) 100vw, 1024px\" \/><figcaption class=\"wp-element-caption\">Hamburgo en primavera<\/figcaption><\/figure>\n\n\n\n<p><\/p>\n\n\n\n<h2 class=\"wp-block-heading\">Clasificada como la mejor vida nocturna del mundo<\/h2>\n\n\n\n<p>Hamburgo es famosa por su animada vida nocturna, con un <strong>gran variedad de bares, clubes y locales de m\u00fasica<\/strong> para todos los gustos y preferencias. Incluso ha sido calificada como la que tiene la mejor vida nocturna del mundo por Hostelworld.<\/p>\n\n\n\n<p>El c\u00e9ntrico barrio de St. Pauli es especialmente famoso por su <strong>bulliciosa vida nocturna<\/strong>Desde cervecer\u00edas tradicionales alemanas hasta modernos bares de copas y locales de m\u00fasica en directo.<\/p>\n\n\n\n<p>Su n\u00facleo es <strong>Calle Reeperbahn<\/strong>conocida por su animada y a menudo estridente vida nocturna. Esta <strong>barrio rojo<\/strong> est\u00e1 repleta de todo tipo de locales de ocio, incluidos muchos conocidos por su contenido expl\u00edcito o er\u00f3tico, que sin duda animar\u00e1n cualquier despedida de soltero. Entre ellos hay sex shops, clubes de striptease y otros negocios orientados a los adultos, as\u00ed como bares y clubes m\u00e1s tradicionales.<\/p>\n\n\n\n<p>La vida nocturna de Hamburgo se extiende m\u00e1s all\u00e1 de la famosa Reeperbahn, con opciones como <strong>clubes de m\u00fasica flotantes<\/strong> en el r\u00edo Elba y varios festivales de m\u00fasica a lo largo del a\u00f1o. Todo ello constituye una forma \u00fanica y emocionante de disfrutar de la animada escena de ocio de la ciudad en tu fin de semana de despedida de soltero definitivo.<\/p>\n\n\n\n<figure class=\"wp-block-image size-large\"><img loading=\"lazy\" decoding=\"async\" width=\"1024\" height=\"683\" src=\"https:\/\/hamburgstagdo.com\/wp-content\/uploads\/shutterstock_1208198794-1024x683.webp\" alt=\"shutterstock 1208198794\" class=\"wp-image-219\" srcset=\"https:\/\/hamburgstagdo.com\/wp-content\/uploads\/shutterstock_1208198794-1024x683.webp 1024w, https:\/\/hamburgstagdo.com\/wp-content\/uploads\/shutterstock_1208198794-300x200.webp 300w, https:\/\/hamburgstagdo.com\/wp-content\/uploads\/shutterstock_1208198794-768x512.webp 768w, https:\/\/hamburgstagdo.com\/wp-content\/uploads\/shutterstock_1208198794-1536x1024.webp 1536w, https:\/\/hamburgstagdo.com\/wp-content\/uploads\/shutterstock_1208198794-2048x1365.webp 2048w, https:\/\/hamburgstagdo.com\/wp-content\/uploads\/shutterstock_1208198794-18x12.webp 18w, https:\/\/hamburgstagdo.com\/wp-content\/uploads\/shutterstock_1208198794-scaled.webp 1920w\" sizes=\"auto, (max-width: 1024px) 100vw, 1024px\" \/><figcaption class=\"wp-element-caption\">R\u00edo Elba en Hamburgo<\/figcaption><\/figure>\n\n\n\n<p><\/p>\n\n\n\n<h2 class=\"wp-block-heading\">Cervezas baratas para un fin de semana salvaje<\/h2>\n\n\n\n<p>Los precios en la ciudad pueden variar dependiendo de ad\u00f3nde vayas y qu\u00e9 hagas, pero en general, Hamburgo es conocida por ser <strong>relativamente asequible<\/strong> en comparaci\u00f3n con otras grandes ciudades europeas.<\/p>\n\n\n\n<p>Esto es especialmente cierto en el caso de la cerveza, que es relativamente m\u00e1s barata en comparaci\u00f3n con otros pa\u00edses. Pero ten en cuenta que depende de d\u00f3nde vayas: los precios pueden ser m\u00e1s altos en algunos locales de lujo de las calles m\u00e1s concurridas.<\/p>\n\n\n\n<p>En cuanto a la gastronom\u00eda, Hamburgo es conocida por su <strong>diversa escena culinaria<\/strong>La ciudad cuenta con una amplia gama de restaurantes y caf\u00e9s que ofrecen desde cocina tradicional alemana hasta platos internacionales. Algunas de las especialidades locales m\u00e1s populares son las famosas Fischbr\u00f6tchen (bocadillos de pescado), as\u00ed como platos contundentes como el Gr\u00fcnkohl (col rizada) y el Labskaus (una especie de picadillo de carne en conserva).<\/p>\n\n\n\n<p><a href=\"https:\/\/hamburgstagdo.com\/es\/contacto\/\">P\u00f3ngase en contacto con nosotros<\/a> para cualquier pregunta sobre la planificaci\u00f3n de su despedida de soltero m\u00e1s salvaje en Hamburgo.<\/p>\n\n\n\n<p><\/p>\n\n\n\n<figure class=\"wp-block-image size-large\"><img loading=\"lazy\" decoding=\"async\" width=\"1024\" height=\"443\" src=\"https:\/\/hamburgstagdo.com\/wp-content\/uploads\/shutterstock_334328225-1024x443.webp\" alt=\"shutterstock 334328225\" class=\"wp-image-220\" srcset=\"https:\/\/hamburgstagdo.com\/wp-content\/uploads\/shutterstock_334328225-1024x443.webp 1024w, https:\/\/hamburgstagdo.com\/wp-content\/uploads\/shutterstock_334328225-300x130.webp 300w, https:\/\/hamburgstagdo.com\/wp-content\/uploads\/shutterstock_334328225-768x332.webp 768w, https:\/\/hamburgstagdo.com\/wp-content\/uploads\/shutterstock_334328225-1536x665.webp 1536w, https:\/\/hamburgstagdo.com\/wp-content\/uploads\/shutterstock_334328225-2048x886.webp 2048w, https:\/\/hamburgstagdo.com\/wp-content\/uploads\/shutterstock_334328225-18x8.webp 18w, https:\/\/hamburgstagdo.com\/wp-content\/uploads\/shutterstock_334328225-scaled.webp 1920w\" sizes=\"auto, (max-width: 1024px) 100vw, 1024px\" \/><figcaption class=\"wp-element-caption\">Verano en la ciudad<\/figcaption><\/figure>","protected":false},"excerpt":{"rendered":"<p>Hamburgo es la segunda ciudad m\u00e1s grande de Alemania, con una poblaci\u00f3n de m\u00e1s de 1,85 millones de habitantes, situada en el norte del pa\u00eds. A veces se la llama \"la puerta del mundo\" por su estrat\u00e9gica ubicaci\u00f3n junto al r\u00edo Elba, que la ha convertido en un importante centro comercial y de intercambio durante siglos. La ... <a href=\"https:\/\/hamburgstagdo.com\/es\/about-hamburg\/\">Contin\u00faa en<\/a><\/p>","protected":false},"author":41,"featured_media":230,"parent":0,"menu_order":0,"comment_status":"closed","ping_status":"closed","template":"","meta":{"footnotes":""},"class_list":["post-69","page","type-page","status-publish","has-post-thumbnail","hentry"],"acf":{"page_subheading":"Learn more about Hamburg, and get ready to experience its vibrant nightlife and rich cultural heritage on your stag do."},"_links":{"self":[{"href":"https:\/\/hamburgstagdo.com\/es\/wp-json\/wp\/v2\/pages\/69","targetHints":{"allow":["GET"]}}],"collection":[{"href":"https:\/\/hamburgstagdo.com\/es\/wp-json\/wp\/v2\/pages"}],"about":[{"href":"https:\/\/hamburgstagdo.com\/es\/wp-json\/wp\/v2\/types\/page"}],"author":[{"embeddable":true,"href":"https:\/\/hamburgstagdo.com\/es\/wp-json\/wp\/v2\/users\/41"}],"replies":[{"embeddable":true,"href":"https:\/\/hamburgstagdo.com\/es\/wp-json\/wp\/v2\/comments?post=69"}],"version-history":[{"count":3,"href":"https:\/\/hamburgstagdo.com\/es\/wp-json\/wp\/v2\/pages\/69\/revisions"}],"predecessor-version":[{"id":221,"href":"https:\/\/hamburgstagdo.com\/es\/wp-json\/wp\/v2\/pages\/69\/revisions\/221"}],"wp:featuredmedia":[{"embeddable":true,"href":"https:\/\/hamburgstagdo.com\/es\/wp-json\/wp\/v2\/media\/230"}],"wp:attachment":[{"href":"https:\/\/hamburgstagdo.com\/es\/wp-json\/wp\/v2\/media?parent=69"}],"curies":[{"name":"wp","href":"https:\/\/api.w.org\/{rel}","templated":true}]}}