{"id":198,"date":"2022-12-16T11:25:22","date_gmt":"2022-12-16T11:25:22","guid":{"rendered":"https:\/\/hamburgstagdo.com\/?page_id=198"},"modified":"2022-12-16T13:42:54","modified_gmt":"2022-12-16T13:42:54","slug":"comment-se-rendre-a-hambourg","status":"publish","type":"page","link":"https:\/\/hamburgstagdo.com\/fr\/how-to-get-to-hamburg\/","title":{"rendered":"Comment se rendre \u00e0 Hambourg ?"},"content":{"rendered":"<p>Situ\u00e9e dans le nord de l'Allemagne, Hambourg est une ville dynamique et passionnante qui m\u00e9rite d'\u00eatre visit\u00e9e. Avec une population de plus de 1,8 million d'habitants, c'est la deuxi\u00e8me plus grande ville d'Allemagne et l'un des plus grands ports d'Europe. Si vous pr\u00e9voyez un enterrement de vie de gar\u00e7on \u00e0 Hambourg, il y a plusieurs fa\u00e7ons de s'y rendre.<\/p>\n\n\n\n<figure class=\"wp-block-image size-large\"><img loading=\"lazy\" decoding=\"async\" width=\"1024\" height=\"683\" src=\"https:\/\/hamburgstagdo.com\/wp-content\/uploads\/shutterstock_527663983-1024x683.webp\" alt=\"Hambourg la nuit\" class=\"wp-image-181\" srcset=\"https:\/\/hamburgstagdo.com\/wp-content\/uploads\/shutterstock_527663983-1024x683.webp 1024w, https:\/\/hamburgstagdo.com\/wp-content\/uploads\/shutterstock_527663983-300x200.webp 300w, https:\/\/hamburgstagdo.com\/wp-content\/uploads\/shutterstock_527663983-768x512.webp 768w, https:\/\/hamburgstagdo.com\/wp-content\/uploads\/shutterstock_527663983-1536x1025.webp 1536w, https:\/\/hamburgstagdo.com\/wp-content\/uploads\/shutterstock_527663983-2048x1366.webp 2048w, https:\/\/hamburgstagdo.com\/wp-content\/uploads\/shutterstock_527663983-18x12.webp 18w, https:\/\/hamburgstagdo.com\/wp-content\/uploads\/shutterstock_527663983-scaled.webp 1920w\" sizes=\"auto, (max-width: 1024px) 100vw, 1024px\" \/><figcaption class=\"wp-element-caption\">Hambourg la nuit<\/figcaption><\/figure>\n\n\n\n<p><strong>Volant<\/strong><\/p>\n\n\n\n<p>Une option consiste \u00e0 prendre l'avion pour <strong>A\u00e9roport de Hambourg<\/strong>Il est situ\u00e9 \u00e0 environ 13 km au nord du centre-ville. L'a\u00e9roport propose des vols r\u00e9guliers depuis et vers les principales villes d'Europe, ainsi que certaines destinations long-courriers. Par exemple, si vous arrivez d'Angleterre, vous pouvez prendre un vol depuis Londres ou Manchester.<\/p>\n\n\n\n<p>Nous pouvons vous aider \u00e0 organiser le <a href=\"https:\/\/hamburgstagdo.com\/fr\/transferts\/transfert-de-laeroport\/\">transfert depuis l'a\u00e9roport<\/a>Vous pouvez donc arriver \u00e0 votre logement en toute \u00e9l\u00e9gance.<\/p>\n\n\n\n<p><strong>Train<\/strong><\/p>\n\n\n\n<p>Une autre option consiste \u00e0 se rendre \u00e0 Hambourg en train. Hambourg a des liaisons r\u00e9guli\u00e8res avec d'autres grandes villes d'Allemagne, ainsi qu'avec d'autres pays europ\u00e9ens. Si vous venez de l'int\u00e9rieur de l'Allemagne, vous pouvez prendre un <strong>train ICE \u00e0 grande vitesse<\/strong> \u00e0 Hambourg, qui vous m\u00e8nera directement au centre ville.<\/p>\n\n\n\n<p><strong>Voiture<\/strong><\/p>\n\n\n\n<p>Si vous vous rendez \u00e0 Hambourg en voiture, vous pouvez rejoindre la ville en prenant le <strong>Autoroutes A1 ou A7<\/strong>. Ces autoroutes relient Hambourg \u00e0 d'autres grandes villes d'Allemagne, comme Berlin et Francfort. Une fois arriv\u00e9 \u00e0 Hambourg, vous pouvez garer votre voiture dans l'un des nombreux parkings publics de la ville.<\/p>\n\n\n\n<p>Globalement, il existe de nombreux moyens de se rendre \u00e0 Hambourg, et la meilleure option pour vous d\u00e9pendra de votre situation personnelle. Que vous choisissiez de prendre l'avion, le train ou la voiture, Hambourg est facilement accessible et constitue une excellente destination pour un voyage.<\/p>","protected":false},"excerpt":{"rendered":"<p>Situ\u00e9e dans le nord de l'Allemagne, Hambourg est une ville dynamique et passionnante qui m\u00e9rite d'\u00eatre visit\u00e9e. Avec une population de plus de 1,8 million d'habitants, c'est la deuxi\u00e8me ville d'Allemagne et l'un des plus grands ports d'Europe. Si vous pr\u00e9voyez un enterrement de vie de gar\u00e7on \u00e0 Hambourg, il y a plusieurs fa\u00e7ons de s'y rendre. ... <a href=\"https:\/\/hamburgstagdo.com\/fr\/how-to-get-to-hamburg\/\">Suite<\/a><\/p>","protected":false},"author":41,"featured_media":258,"parent":0,"menu_order":0,"comment_status":"closed","ping_status":"closed","template":"","meta":{"footnotes":""},"class_list":["post-198","page","type-page","status-publish","has-post-thumbnail","hentry"],"acf":{"page_subheading":"Find out how to get to Hamburg the best way, so you can start the stag party as soon as physically possible."},"_links":{"self":[{"href":"https:\/\/hamburgstagdo.com\/fr\/wp-json\/wp\/v2\/pages\/198","targetHints":{"allow":["GET"]}}],"collection":[{"href":"https:\/\/hamburgstagdo.com\/fr\/wp-json\/wp\/v2\/pages"}],"about":[{"href":"https:\/\/hamburgstagdo.com\/fr\/wp-json\/wp\/v2\/types\/page"}],"author":[{"embeddable":true,"href":"https:\/\/hamburgstagdo.com\/fr\/wp-json\/wp\/v2\/users\/41"}],"replies":[{"embeddable":true,"href":"https:\/\/hamburgstagdo.com\/fr\/wp-json\/wp\/v2\/comments?post=198"}],"version-history":[{"count":3,"href":"https:\/\/hamburgstagdo.com\/fr\/wp-json\/wp\/v2\/pages\/198\/revisions"}],"predecessor-version":[{"id":210,"href":"https:\/\/hamburgstagdo.com\/fr\/wp-json\/wp\/v2\/pages\/198\/revisions\/210"}],"wp:featuredmedia":[{"embeddable":true,"href":"https:\/\/hamburgstagdo.com\/fr\/wp-json\/wp\/v2\/media\/258"}],"wp:attachment":[{"href":"https:\/\/hamburgstagdo.com\/fr\/wp-json\/wp\/v2\/media?parent=198"}],"curies":[{"name":"wp","href":"https:\/\/api.w.org\/{rel}","templated":true}]}}