{"id":69,"date":"2022-12-15T12:07:36","date_gmt":"2022-12-15T12:07:36","guid":{"rendered":"https:\/\/hamburgstagdo.com\/?page_id=69"},"modified":"2022-12-16T12:50:08","modified_gmt":"2022-12-16T12:50:08","slug":"a-propos-de-hambourg","status":"publish","type":"page","link":"https:\/\/hamburgstagdo.com\/fr\/about-hamburg\/","title":{"rendered":"\u00c0 propos de Hambourg"},"content":{"rendered":"<p>Hambourg est le <strong>deuxi\u00e8me plus grande ville d'Allemagne<\/strong>avec une population de plus de <strong>1,85 million<\/strong> personnes, situ\u00e9 dans la partie nord du pays.<\/p>\n\n\n\n<p>On l'appelle parfois la \"porte du monde\" en raison de sa situation strat\u00e9gique sur l'autoroute de l'Est. <strong>Rivi\u00e8re Elbe<\/strong>Ce qui en a fait un important centre d'\u00e9changes et de commerce depuis des si\u00e8cles. La ville a <strong>l'un des ports les plus actifs d'Europe<\/strong> et a longtemps \u00e9t\u00e9 un centre majeur pour le commerce et les \u00e9changes maritimes.<\/p>\n\n\n\n<p>Son emplacement pratique en a \u00e9galement fait une porte d'entr\u00e9e populaire pour les voyageurs et les immigrants, qui sont venus du monde entier. Cette riche histoire et cette diversit\u00e9 ont donn\u00e9 \u00e0 Hambourg une <strong>ambiance cosmopolite<\/strong> et en a fait un centre florissant de commerce international et de culture.<\/p>\n\n\n\n<figure class=\"wp-block-image size-large\"><img loading=\"lazy\" decoding=\"async\" width=\"1024\" height=\"683\" src=\"https:\/\/hamburgstagdo.com\/wp-content\/uploads\/shutterstock_595858976-1024x683.webp\" alt=\"shutterstock 595858976\" class=\"wp-image-217\" srcset=\"https:\/\/hamburgstagdo.com\/wp-content\/uploads\/shutterstock_595858976-1024x683.webp 1024w, https:\/\/hamburgstagdo.com\/wp-content\/uploads\/shutterstock_595858976-300x200.webp 300w, https:\/\/hamburgstagdo.com\/wp-content\/uploads\/shutterstock_595858976-768x512.webp 768w, https:\/\/hamburgstagdo.com\/wp-content\/uploads\/shutterstock_595858976-1536x1024.webp 1536w, https:\/\/hamburgstagdo.com\/wp-content\/uploads\/shutterstock_595858976-2048x1366.webp 2048w, https:\/\/hamburgstagdo.com\/wp-content\/uploads\/shutterstock_595858976-18x12.webp 18w, https:\/\/hamburgstagdo.com\/wp-content\/uploads\/shutterstock_595858976-scaled.webp 1920w\" sizes=\"auto, (max-width: 1024px) 100vw, 1024px\" \/><figcaption class=\"wp-element-caption\">La belle Hambourg au printemps<\/figcaption><\/figure>\n\n\n\n<p><\/p>\n\n\n\n<h2 class=\"wp-block-heading\">Class\u00e9e comme la meilleure vie nocturne au monde<\/h2>\n\n\n\n<p>Hambourg est renomm\u00e9e pour sa vie nocturne anim\u00e9e, avec une <strong>un large \u00e9ventail de bars, de clubs et de lieux de musique<\/strong> pour tous les go\u00fbts et toutes les pr\u00e9f\u00e9rences. Elle a m\u00eame \u00e9t\u00e9 class\u00e9e comme ayant la meilleure vie nocturne du monde par Hostelworld.<\/p>\n\n\n\n<p>Le quartier central de la ville, St. Pauli, est particuli\u00e8rement c\u00e9l\u00e8bre pour ses <strong>une vie nocturne anim\u00e9e<\/strong>Vous y trouverez de tout, des brasseries allemandes traditionnelles aux bars \u00e0 cocktails branch\u00e9s, en passant par les salles de concert.<\/p>\n\n\n\n<p>Le c\u0153ur de l'affaire est <strong>Rue Reeperbahn<\/strong>connue pour sa vie nocturne anim\u00e9e et souvent tapageuse. Ce site <strong>quartier chaud<\/strong> est bord\u00e9e de toutes sortes de lieux de divertissement, dont beaucoup sont connus pour leur contenu explicite ou \u00e9rotique, ce qui ne manquera pas de pimenter tout enterrement de vie de gar\u00e7on. Il s'agit notamment de sex-shops, de clubs de strip-tease et d'autres \u00e9tablissements pour adultes, ainsi que de bars et de clubs plus traditionnels.<\/p>\n\n\n\n<p>La vie nocturne de Hambourg s'\u00e9tend au-del\u00e0 de la c\u00e9l\u00e8bre Reeperbahn, avec des options telles que <strong>clubs de musique flottants<\/strong> sur l'Elbe et divers festivals de musique tout au long de l'ann\u00e9e. Tous ces \u00e9l\u00e9ments constituent des moyens uniques et passionnants de d\u00e9couvrir la sc\u00e8ne de divertissement anim\u00e9e de la ville lors de votre ultime week-end d'enterrement de vie de gar\u00e7on.<\/p>\n\n\n\n<figure class=\"wp-block-image size-large\"><img loading=\"lazy\" decoding=\"async\" width=\"1024\" height=\"683\" src=\"https:\/\/hamburgstagdo.com\/wp-content\/uploads\/shutterstock_1208198794-1024x683.webp\" alt=\"shutterstock 1208198794\" class=\"wp-image-219\" srcset=\"https:\/\/hamburgstagdo.com\/wp-content\/uploads\/shutterstock_1208198794-1024x683.webp 1024w, https:\/\/hamburgstagdo.com\/wp-content\/uploads\/shutterstock_1208198794-300x200.webp 300w, https:\/\/hamburgstagdo.com\/wp-content\/uploads\/shutterstock_1208198794-768x512.webp 768w, https:\/\/hamburgstagdo.com\/wp-content\/uploads\/shutterstock_1208198794-1536x1024.webp 1536w, https:\/\/hamburgstagdo.com\/wp-content\/uploads\/shutterstock_1208198794-2048x1365.webp 2048w, https:\/\/hamburgstagdo.com\/wp-content\/uploads\/shutterstock_1208198794-18x12.webp 18w, https:\/\/hamburgstagdo.com\/wp-content\/uploads\/shutterstock_1208198794-scaled.webp 1920w\" sizes=\"auto, (max-width: 1024px) 100vw, 1024px\" \/><figcaption class=\"wp-element-caption\">L'Elbe \u00e0 Hambourg<\/figcaption><\/figure>\n\n\n\n<p><\/p>\n\n\n\n<h2 class=\"wp-block-heading\">Des bi\u00e8res bon march\u00e9 \u00e9galent un week-end sauvage !<\/h2>\n\n\n\n<p>Les prix dans la ville peuvent varier en fonction de l'endroit o\u00f9 vous allez et de ce que vous faites, mais de mani\u00e8re g\u00e9n\u00e9rale, Hambourg est connue pour \u00eatre <strong>relativement abordable<\/strong> par rapport \u00e0 d'autres grandes villes europ\u00e9ennes.<\/p>\n\n\n\n<p>Cela est particuli\u00e8rement vrai pour la bi\u00e8re, qui est relativement moins ch\u00e8re par rapport \u00e0 d'autres pays. Mais n'oubliez pas que cela d\u00e9pend de l'endroit o\u00f9 vous allez - les prix peuvent \u00eatre plus \u00e9lev\u00e9s dans certains \u00e9tablissements haut de gamme situ\u00e9s dans les rues les plus fr\u00e9quent\u00e9es.<\/p>\n\n\n\n<p>En termes de nourriture, Hambourg est connue pour ses <strong>une sc\u00e8ne culinaire diversifi\u00e9e<\/strong>Vous y trouverez un large \u00e9ventail de restaurants et de caf\u00e9s proposant des plats traditionnels allemands et internationaux. Parmi les sp\u00e9cialit\u00e9s locales \u00e0 go\u00fbter, citons les c\u00e9l\u00e8bres Fischbr\u00f6tchen (sandwichs au poisson) de la ville, ainsi que des plats copieux comme le Gr\u00fcnkohl (chou fris\u00e9) et le Labskaus (sorte de hachis de corned-beef).<\/p>\n\n\n\n<p><a href=\"https:\/\/hamburgstagdo.com\/fr\/nous-contacter\/\">Nous contacter<\/a> pour toute question concernant l'organisation de votre enterrement de vie de gar\u00e7on le plus sauvage \u00e0 Hambourg.<\/p>\n\n\n\n<p><\/p>\n\n\n\n<figure class=\"wp-block-image size-large\"><img loading=\"lazy\" decoding=\"async\" width=\"1024\" height=\"443\" src=\"https:\/\/hamburgstagdo.com\/wp-content\/uploads\/shutterstock_334328225-1024x443.webp\" alt=\"shutterstock 334328225\" class=\"wp-image-220\" srcset=\"https:\/\/hamburgstagdo.com\/wp-content\/uploads\/shutterstock_334328225-1024x443.webp 1024w, https:\/\/hamburgstagdo.com\/wp-content\/uploads\/shutterstock_334328225-300x130.webp 300w, https:\/\/hamburgstagdo.com\/wp-content\/uploads\/shutterstock_334328225-768x332.webp 768w, https:\/\/hamburgstagdo.com\/wp-content\/uploads\/shutterstock_334328225-1536x665.webp 1536w, https:\/\/hamburgstagdo.com\/wp-content\/uploads\/shutterstock_334328225-2048x886.webp 2048w, https:\/\/hamburgstagdo.com\/wp-content\/uploads\/shutterstock_334328225-18x8.webp 18w, https:\/\/hamburgstagdo.com\/wp-content\/uploads\/shutterstock_334328225-scaled.webp 1920w\" sizes=\"auto, (max-width: 1024px) 100vw, 1024px\" \/><figcaption class=\"wp-element-caption\">L'\u00e9t\u00e9 en ville<\/figcaption><\/figure>","protected":false},"excerpt":{"rendered":"<p>Hambourg est la deuxi\u00e8me plus grande ville d'Allemagne, avec une population de plus de 1,85 million d'habitants, situ\u00e9e dans la partie nord du pays. Elle est parfois appel\u00e9e la \"porte du monde\" en raison de sa situation strat\u00e9gique sur l'Elbe, qui en a fait un important centre d'\u00e9changes et de commerce depuis des si\u00e8cles. La ... <a href=\"https:\/\/hamburgstagdo.com\/fr\/about-hamburg\/\">Suite<\/a><\/p>","protected":false},"author":41,"featured_media":230,"parent":0,"menu_order":0,"comment_status":"closed","ping_status":"closed","template":"","meta":{"footnotes":""},"class_list":["post-69","page","type-page","status-publish","has-post-thumbnail","hentry"],"acf":{"page_subheading":"Learn more about Hamburg, and get ready to experience its vibrant nightlife and rich cultural heritage on your stag do."},"_links":{"self":[{"href":"https:\/\/hamburgstagdo.com\/fr\/wp-json\/wp\/v2\/pages\/69","targetHints":{"allow":["GET"]}}],"collection":[{"href":"https:\/\/hamburgstagdo.com\/fr\/wp-json\/wp\/v2\/pages"}],"about":[{"href":"https:\/\/hamburgstagdo.com\/fr\/wp-json\/wp\/v2\/types\/page"}],"author":[{"embeddable":true,"href":"https:\/\/hamburgstagdo.com\/fr\/wp-json\/wp\/v2\/users\/41"}],"replies":[{"embeddable":true,"href":"https:\/\/hamburgstagdo.com\/fr\/wp-json\/wp\/v2\/comments?post=69"}],"version-history":[{"count":3,"href":"https:\/\/hamburgstagdo.com\/fr\/wp-json\/wp\/v2\/pages\/69\/revisions"}],"predecessor-version":[{"id":221,"href":"https:\/\/hamburgstagdo.com\/fr\/wp-json\/wp\/v2\/pages\/69\/revisions\/221"}],"wp:featuredmedia":[{"embeddable":true,"href":"https:\/\/hamburgstagdo.com\/fr\/wp-json\/wp\/v2\/media\/230"}],"wp:attachment":[{"href":"https:\/\/hamburgstagdo.com\/fr\/wp-json\/wp\/v2\/media?parent=69"}],"curies":[{"name":"wp","href":"https:\/\/api.w.org\/{rel}","templated":true}]}}