{"id":198,"date":"2022-12-16T11:25:22","date_gmt":"2022-12-16T11:25:22","guid":{"rendered":"https:\/\/hamburgstagdo.com\/?page_id=198"},"modified":"2022-12-16T13:42:54","modified_gmt":"2022-12-16T13:42:54","slug":"come-arrivare-ad-amburgo","status":"publish","type":"page","link":"https:\/\/hamburgstagdo.com\/it\/how-to-get-to-hamburg\/","title":{"rendered":"Come arrivare ad Amburgo?"},"content":{"rendered":"<p>Situata nel nord della Germania, Amburgo \u00e8 una citt\u00e0 vivace ed eccitante che merita una visita. Con una popolazione di oltre 1,8 milioni di persone, \u00e8 la seconda citt\u00e0 pi\u00f9 grande della Germania e uno dei porti pi\u00f9 grandi d'Europa. Se state pianificando un addio al celibato ad Amburgo, ci sono diversi modi per raggiungerla.<\/p>\n\n\n\n<figure class=\"wp-block-image size-large\"><img loading=\"lazy\" decoding=\"async\" width=\"1024\" height=\"683\" src=\"https:\/\/hamburgstagdo.com\/wp-content\/uploads\/shutterstock_527663983-1024x683.webp\" alt=\"Amburgo di notte\" class=\"wp-image-181\" srcset=\"https:\/\/hamburgstagdo.com\/wp-content\/uploads\/shutterstock_527663983-1024x683.webp 1024w, https:\/\/hamburgstagdo.com\/wp-content\/uploads\/shutterstock_527663983-300x200.webp 300w, https:\/\/hamburgstagdo.com\/wp-content\/uploads\/shutterstock_527663983-768x512.webp 768w, https:\/\/hamburgstagdo.com\/wp-content\/uploads\/shutterstock_527663983-1536x1025.webp 1536w, https:\/\/hamburgstagdo.com\/wp-content\/uploads\/shutterstock_527663983-2048x1366.webp 2048w, https:\/\/hamburgstagdo.com\/wp-content\/uploads\/shutterstock_527663983-18x12.webp 18w, https:\/\/hamburgstagdo.com\/wp-content\/uploads\/shutterstock_527663983-scaled.webp 1920w\" sizes=\"auto, (max-width: 1024px) 100vw, 1024px\" \/><figcaption class=\"wp-element-caption\">Amburgo di notte<\/figcaption><\/figure>\n\n\n\n<p><strong>Volare<\/strong><\/p>\n\n\n\n<p>Un'opzione \u00e8 quella di volare a <strong>Aeroporto di Amburgo<\/strong>che si trova a circa 8 miglia a nord del centro citt\u00e0. L'aeroporto offre voli regolari da e per le principali citt\u00e0 europee, oltre ad alcune destinazioni a lungo raggio. Ad esempio, se si proviene dall'Inghilterra, si pu\u00f2 volare da Londra o da Manchester.<\/p>\n\n\n\n<p>Possiamo aiutarvi a organizzare il <a href=\"https:\/\/hamburgstagdo.com\/it\/trasferimenti\/trasferimento-aeroportuale\/\">trasferimento dall'aeroporto<\/a>per arrivare al vostro alloggio con stile.<\/p>\n\n\n\n<p><strong>Treno<\/strong><\/p>\n\n\n\n<p>Un'altra opzione \u00e8 quella di raggiungere Amburgo in treno. Amburgo ha collegamenti regolari con le altre principali citt\u00e0 della Germania e con altri Paesi europei. Se provenite dall'interno della Germania, potete prendere un treno <strong>treno ICE ad alta velocit\u00e0<\/strong> per Amburgo, che vi porter\u00e0 direttamente al centro della citt\u00e0.<\/p>\n\n\n\n<p><strong>Auto<\/strong><\/p>\n\n\n\n<p>Se vi recate ad Amburgo in auto, potete raggiungere la citt\u00e0 prendendo la strada che porta ad Amburgo. <strong>Autostrade A1 o A7<\/strong>. Queste autostrade collegano Amburgo con altre grandi citt\u00e0 della Germania, come Berlino e Francoforte. Una volta arrivati ad Amburgo, potete parcheggiare la vostra auto in uno dei numerosi parcheggi pubblici della citt\u00e0.<\/p>\n\n\n\n<p>In generale, ci sono molti modi per arrivare ad Amburgo e l'opzione migliore per voi dipender\u00e0 dalle vostre circostanze individuali. Che si scelga di volare, prendere il treno o guidare, Amburgo \u00e8 facilmente accessibile ed \u00e8 un'ottima destinazione per un viaggio.<\/p>","protected":false},"excerpt":{"rendered":"<p>Situata nel nord della Germania, Amburgo \u00e8 una citt\u00e0 vivace ed eccitante che merita una visita. Con una popolazione di oltre 1,8 milioni di persone, \u00e8 la seconda citt\u00e0 pi\u00f9 grande della Germania e uno dei porti pi\u00f9 grandi d'Europa. Se state pianificando un addio al celibato ad Amburgo, ci sono diversi modi per arrivarci. ... <a href=\"https:\/\/hamburgstagdo.com\/it\/how-to-get-to-hamburg\/\">Continua<\/a><\/p>","protected":false},"author":41,"featured_media":258,"parent":0,"menu_order":0,"comment_status":"closed","ping_status":"closed","template":"","meta":{"footnotes":""},"class_list":["post-198","page","type-page","status-publish","has-post-thumbnail","hentry"],"acf":{"page_subheading":"Find out how to get to Hamburg the best way, so you can start the stag party as soon as physically possible."},"_links":{"self":[{"href":"https:\/\/hamburgstagdo.com\/it\/wp-json\/wp\/v2\/pages\/198","targetHints":{"allow":["GET"]}}],"collection":[{"href":"https:\/\/hamburgstagdo.com\/it\/wp-json\/wp\/v2\/pages"}],"about":[{"href":"https:\/\/hamburgstagdo.com\/it\/wp-json\/wp\/v2\/types\/page"}],"author":[{"embeddable":true,"href":"https:\/\/hamburgstagdo.com\/it\/wp-json\/wp\/v2\/users\/41"}],"replies":[{"embeddable":true,"href":"https:\/\/hamburgstagdo.com\/it\/wp-json\/wp\/v2\/comments?post=198"}],"version-history":[{"count":3,"href":"https:\/\/hamburgstagdo.com\/it\/wp-json\/wp\/v2\/pages\/198\/revisions"}],"predecessor-version":[{"id":210,"href":"https:\/\/hamburgstagdo.com\/it\/wp-json\/wp\/v2\/pages\/198\/revisions\/210"}],"wp:featuredmedia":[{"embeddable":true,"href":"https:\/\/hamburgstagdo.com\/it\/wp-json\/wp\/v2\/media\/258"}],"wp:attachment":[{"href":"https:\/\/hamburgstagdo.com\/it\/wp-json\/wp\/v2\/media?parent=198"}],"curies":[{"name":"wp","href":"https:\/\/api.w.org\/{rel}","templated":true}]}}