{"id":49,"date":"2022-12-15T11:59:26","date_gmt":"2022-12-15T11:59:26","guid":{"rendered":"https:\/\/hamburgstagdo.com\/?page_id=49"},"modified":"2026-02-24T11:58:13","modified_gmt":"2026-02-24T11:58:13","slug":"chi-siamo","status":"publish","type":"page","link":"https:\/\/hamburgstagdo.com\/it\/about-us\/","title":{"rendered":"Chi siamo"},"content":{"rendered":"<p>Io e il mio team ci impegniamo ad aiutarvi <strong>Organizzare il perfetto weekend di addio al celibato<\/strong> e passare i momenti pi\u00f9 belli della vostra vita. Siamo qui per assicurarci che tutto fili liscio e che voi e i vostri amici possiate trascorrere un momento indimenticabile.<\/p>\n\n\n\n<p>Sappiamo che organizzare un viaggio pu\u00f2 essere difficile, soprattutto quando si tratta di un addio al celibato, ma con la nostra assistenza potrete essere certi che tutto sar\u00e0 curato.<\/p>\n\n\n\n<p>Noi <strong>aiutarvi a evitare gli errori pi\u00f9 comuni<\/strong> e gli incidenti di percorso, come la prenotazione di un alloggio troppo lontano dall'azione, le spese eccessive per le attivit\u00e0 o la programmazione accidentale di qualcosa che richiede una mente sobria dopo una notte di bevute pesanti.<\/p>\n\n\n\n<p>Lasciateci gestire i dettagli e assicuratevi di avere una <strong>itinerario ben pianificato<\/strong> che vi permette di concentrarvi sui festeggiamenti e sul divertimento con i vostri amici.<\/p>\n\n\n\n<figure class=\"wp-block-image size-large\"><img loading=\"lazy\" decoding=\"async\" width=\"1024\" height=\"683\" src=\"https:\/\/hamburgstagdo.com\/wp-content\/uploads\/shutterstock_787000135-1024x683.webp\" alt=\"Il porto di Amburgo\" class=\"wp-image-222\" srcset=\"https:\/\/hamburgstagdo.com\/wp-content\/uploads\/shutterstock_787000135-1024x683.webp 1024w, https:\/\/hamburgstagdo.com\/wp-content\/uploads\/shutterstock_787000135-300x200.webp 300w, https:\/\/hamburgstagdo.com\/wp-content\/uploads\/shutterstock_787000135-768x513.webp 768w, https:\/\/hamburgstagdo.com\/wp-content\/uploads\/shutterstock_787000135-1536x1025.webp 1536w, https:\/\/hamburgstagdo.com\/wp-content\/uploads\/shutterstock_787000135-2048x1367.webp 2048w, https:\/\/hamburgstagdo.com\/wp-content\/uploads\/shutterstock_787000135-18x12.webp 18w, https:\/\/hamburgstagdo.com\/wp-content\/uploads\/shutterstock_787000135-scaled.webp 1920w\" sizes=\"auto, (max-width: 1024px) 100vw, 1024px\" \/><figcaption class=\"wp-element-caption\">Il porto di Amburgo<\/figcaption><\/figure>\n\n\n\n<h2 class=\"wp-block-heading\">Impegnativo e degno di fiducia<\/h2>\n\n\n\n<p>Dal 2015 organizziamo addii al celibato indimenticabili per i nostri clienti uomini. Siamo un <strong>finanziariamente protetto<\/strong> di viaggio, assicurando che il vostro denaro sia sempre al sicuro.<\/p>\n\n\n\n<p>Il nostro <strong>opzioni di prenotazione flessibili<\/strong> vi diamo quello che volete e vi rendiamo facile organizzare un fantastico viaggio di addio al celibato in modo rapido ed efficiente. Non vi deluderemo, mentre voi vi rilasserete e risparmierete le vostre energie per il viaggio della vostra vita.<\/p>\n\n\n\n<p>E <strong>amiamo assolutamente Amburgo<\/strong> - pensiamo che sia una delle migliori citt\u00e0 europee per le feste! Con la sua vivace vita notturna, le sue splendide vie d'acqua e le infinite opzioni di intrattenimento, Amburgo \u00e8 la destinazione perfetta per un addio al celibato. Dalla crociera in barca ai club e ai bar pi\u00f9 in voga, non c'\u00e8 che l'imbarazzo della scelta per divertirsi in questa citt\u00e0 straordinaria.<\/p>\n\n\n\n<p>Siamo orgogliosi di fornire <strong>ottimo servizio ai migliori prezzi<\/strong> mantenendo solide relazioni di lavoro con le nostre aziende partner.<\/p>\n\n\n\n<p>I nostri partner offrono una serie di attivit\u00e0 uniche che vi faranno vivere esperienze indimenticabili. Riponiamo una grande fiducia nel nostro team, che \u00e8 stato scelto appositamente perch\u00e9 rappresenta la nostra azienda nel modo pi\u00f9 positivo.<\/p>\n\n\n\n<figure class=\"wp-block-image size-large\"><img loading=\"lazy\" decoding=\"async\" width=\"1024\" height=\"228\" src=\"https:\/\/hamburgstagdo.com\/wp-content\/uploads\/shutterstock_74185774-1024x228.webp\" alt=\"shutterstock 74185774\" class=\"wp-image-225\" srcset=\"https:\/\/hamburgstagdo.com\/wp-content\/uploads\/shutterstock_74185774-1024x228.webp 1024w, https:\/\/hamburgstagdo.com\/wp-content\/uploads\/shutterstock_74185774-300x67.webp 300w, https:\/\/hamburgstagdo.com\/wp-content\/uploads\/shutterstock_74185774-768x171.webp 768w, https:\/\/hamburgstagdo.com\/wp-content\/uploads\/shutterstock_74185774-1536x341.webp 1536w, https:\/\/hamburgstagdo.com\/wp-content\/uploads\/shutterstock_74185774-2048x455.webp 2048w, https:\/\/hamburgstagdo.com\/wp-content\/uploads\/shutterstock_74185774-18x4.webp 18w, https:\/\/hamburgstagdo.com\/wp-content\/uploads\/shutterstock_74185774-scaled.webp 1920w\" sizes=\"auto, (max-width: 1024px) 100vw, 1024px\" \/><figcaption class=\"wp-element-caption\">La citt\u00e0 \u00e8 ancora pi\u00f9 bella di notte<\/figcaption><\/figure>\n\n\n\n<h2 class=\"wp-block-heading\">Organizziamo il miglior addio al celibato della vostra vita!<\/h2>\n\n\n\n<p>Prendiamo un <strong>approccio personale alla pianificazione del vostro weekend di addio al celibato<\/strong>Come sappiamo, ogni gruppo di amici \u00e8 unico.<\/p>\n\n\n\n<p>Organizzando l'addio al celibato con noi, ci occuperemo di tutta la logistica e faremo in modo che tutto fili liscio. Saremo <strong>disponibile 24 ore su 24, 7 giorni su 7<\/strong> per aiutarvi a risolvere qualsiasi problema o domanda, e ci assicureremo che abbiate tutte le informazioni necessarie per sfruttare al meglio il vostro soggiorno ad Amburgo.<\/p>\n\n\n\n<p>Inoltre, grazie alla nostra esperienza e alle nostre conoscenze locali, sarete in grado di risparmiare denaro e tempo, evitando errori costosi e itinerari mal pianificati.<br>Informatevi ora e iniziate a pianificare la celebrazione definitiva degli ultimi giorni di libert\u00e0 dell'addio al celibato.<\/p>\n\n\n\n<figure class=\"wp-block-image size-large\"><img loading=\"lazy\" decoding=\"async\" width=\"1024\" height=\"768\" src=\"https:\/\/hamburgstagdo.com\/wp-content\/uploads\/shutterstock_665972497-1024x768.webp\" alt=\"shutterstock 665972497\" class=\"wp-image-226\" srcset=\"https:\/\/hamburgstagdo.com\/wp-content\/uploads\/shutterstock_665972497-1024x768.webp 1024w, https:\/\/hamburgstagdo.com\/wp-content\/uploads\/shutterstock_665972497-300x225.webp 300w, https:\/\/hamburgstagdo.com\/wp-content\/uploads\/shutterstock_665972497-768x576.webp 768w, https:\/\/hamburgstagdo.com\/wp-content\/uploads\/shutterstock_665972497-1536x1152.webp 1536w, https:\/\/hamburgstagdo.com\/wp-content\/uploads\/shutterstock_665972497-2048x1536.webp 2048w, https:\/\/hamburgstagdo.com\/wp-content\/uploads\/shutterstock_665972497-16x12.webp 16w, https:\/\/hamburgstagdo.com\/wp-content\/uploads\/shutterstock_665972497.webp 1920w\" sizes=\"auto, (max-width: 1024px) 100vw, 1024px\" \/><figcaption class=\"wp-element-caption\">Amburgo \u00e8 nota per la sua vivace vita notturna<\/figcaption><\/figure>\n\n\n\n<p>Scoprite dove potete andare per un addio al celibato con noi:<\/p>\n\n\n\n<ul class=\"wp-block-list\">\n<li><a href=\"https:\/\/amsterdam-stag-do.com\/\">Addio al celibato ad Amsterdam<\/a><\/li>\n\n\n\n<li><a href=\"https:\/\/berlin-stag-do.com\/\">Addio al celibato a Berlino<\/a><\/li>\n\n\n\n<li><a href=\"https:\/\/hvarstagdo.com\/\">Addio al celibato a Hvar<\/a><\/li>\n\n\n\n<li><a href=\"https:\/\/lisbonstagdo.com\/\">Addio al celibato a Lisbona<\/a><\/li>\n\n\n\n<li><a href=\"https:\/\/munichstagdo.com\/\">Addio al celibato a Monaco<\/a><\/li>\n\n\n\n<li><a href=\"https:\/\/prague-stag-do.com\/\">Addio al celibato a Praga<\/a><\/li>\n\n\n\n<li><a href=\"https:\/\/riga-stag-do.com\/\">Addio al celibato a Riga<\/a><\/li>\n\n\n\n<li><a href=\"https:\/\/stagpartyljubljana.com\/\">Addio al celibato a Lubiana<\/a><\/li>\n\n\n\n<li><a href=\"https:\/\/ibizastagdo.com\">Addio al celibato a Ibiza<\/a><\/li>\n\n\n\n<li><a href=\"https:\/\/benidorm-stag-do.com\/\">Addio al celibato a Benidorm<\/a><\/li>\n\n\n\n<li><a href=\"https:\/\/budapest-stag-do.com\/\">Addio al celibato a Budapest<\/a><\/li>\n\n\n\n<li><a href=\"https:\/\/stagdovegas.com\/\">Addio al celibato a Las Vegas<\/a><\/li>\n\n\n\n<li><a href=\"https:\/\/stagdobarcelona.com\/\">Addio al celibato a Barcellona<\/a><\/li>\n\n\n\n<li><a href=\"https:\/\/stagdozagreb.com\/\">Addio al celibato a Zagabria<\/a><\/li>\n\n\n\n<li><a href=\"https:\/\/splitstagdo.com\/\">Addio al celibato a Spalato<\/a><\/li>\n\n\n\n<li><a href=\"https:\/\/dubrovnikstagdo.com\/\">Addio al celibato a Dubrovnik<\/a><\/li>\n\n\n\n<li><a href=\"https:\/\/madridstagdo.com\/\">Addio al celibato a Madrid<\/a><\/li>\n\n\n\n<li><a href=\"https:\/\/bucharest-stag-do.com\/\">Addio al celibato a Bucarest<\/a><\/li>\n\n\n\n<li><a href=\"https:\/\/albufeirastagdo.com\/\">Addio al celibato ad Albufeira<\/a><\/li>\n\n\n\n<li><a href=\"https:\/\/dublinstagdo.com\/\">Addio al celibato a Dublino<\/a><\/li>\n\n\n\n<li><a href=\"https:\/\/stagdokrakow.com\/\">Addio al celibato a Cracovia<\/a><\/li>\n<\/ul>","protected":false},"excerpt":{"rendered":"<p>Io e il mio team ci impegniamo ad aiutarvi a pianificare l'addio al celibato perfetto e a trascorrere il periodo pi\u00f9 bello della vostra vita. Siamo qui per assicurarci che tutto fili liscio e che voi e i vostri amici trascorriate un momento indimenticabile. Sappiamo che organizzare un viaggio pu\u00f2 essere difficile, soprattutto quando si tratta di un ... <a href=\"https:\/\/hamburgstagdo.com\/it\/about-us\/\">Continua<\/a><\/p>","protected":false},"author":41,"featured_media":180,"parent":0,"menu_order":0,"comment_status":"closed","ping_status":"closed","template":"","meta":{"footnotes":""},"class_list":["post-49","page","type-page","status-publish","has-post-thumbnail","hentry"],"acf":{"page_subheading":"Make this weekend an epic one with Hamburg Stag Do. From dancing the night away to trying thrilling new activities, we've got everything you need."},"_links":{"self":[{"href":"https:\/\/hamburgstagdo.com\/it\/wp-json\/wp\/v2\/pages\/49","targetHints":{"allow":["GET"]}}],"collection":[{"href":"https:\/\/hamburgstagdo.com\/it\/wp-json\/wp\/v2\/pages"}],"about":[{"href":"https:\/\/hamburgstagdo.com\/it\/wp-json\/wp\/v2\/types\/page"}],"author":[{"embeddable":true,"href":"https:\/\/hamburgstagdo.com\/it\/wp-json\/wp\/v2\/users\/41"}],"replies":[{"embeddable":true,"href":"https:\/\/hamburgstagdo.com\/it\/wp-json\/wp\/v2\/comments?post=49"}],"version-history":[{"count":21,"href":"https:\/\/hamburgstagdo.com\/it\/wp-json\/wp\/v2\/pages\/49\/revisions"}],"predecessor-version":[{"id":15472,"href":"https:\/\/hamburgstagdo.com\/it\/wp-json\/wp\/v2\/pages\/49\/revisions\/15472"}],"wp:featuredmedia":[{"embeddable":true,"href":"https:\/\/hamburgstagdo.com\/it\/wp-json\/wp\/v2\/media\/180"}],"wp:attachment":[{"href":"https:\/\/hamburgstagdo.com\/it\/wp-json\/wp\/v2\/media?parent=49"}],"curies":[{"name":"wp","href":"https:\/\/api.w.org\/{rel}","templated":true}]}}