{"id":69,"date":"2022-12-15T12:07:36","date_gmt":"2022-12-15T12:07:36","guid":{"rendered":"https:\/\/hamburgstagdo.com\/?page_id=69"},"modified":"2022-12-16T12:50:08","modified_gmt":"2022-12-16T12:50:08","slug":"su-amburgo","status":"publish","type":"page","link":"https:\/\/hamburgstagdo.com\/it\/about-hamburg\/","title":{"rendered":"Informazioni su Amburgo"},"content":{"rendered":"<p>Amburgo \u00e8 il <strong>seconda citt\u00e0 pi\u00f9 grande della Germania<\/strong>con una popolazione di oltre <strong>1,85 milioni di euro<\/strong> persone, situate nella parte settentrionale del Paese.<\/p>\n\n\n\n<p>A volte viene chiamata la \"porta del mondo\" per la sua posizione strategica sulla <strong>Fiume Elba<\/strong>che l'ha resa per secoli un importante centro commerciale e di scambio. La citt\u00e0 ha <strong>uno dei porti pi\u00f9 trafficati d'Europa<\/strong> ed \u00e8 stato a lungo un importante centro per il commercio e gli scambi marittimi.<\/p>\n\n\n\n<p>La sua posizione strategica l'ha resa anche una porta d'accesso popolare per i viaggiatori e gli immigrati, che hanno raggiunto la citt\u00e0 da tutto il mondo. La ricchezza della storia e la diversit\u00e0 hanno conferito ad Amburgo una <strong>atmosfera cosmopolita<\/strong> e ne ha fatto un fiorente centro di commercio e cultura internazionale.<\/p>\n\n\n\n<figure class=\"wp-block-image size-large\"><img loading=\"lazy\" decoding=\"async\" width=\"1024\" height=\"683\" src=\"https:\/\/hamburgstagdo.com\/wp-content\/uploads\/shutterstock_595858976-1024x683.webp\" alt=\"shutterstock 595858976\" class=\"wp-image-217\" srcset=\"https:\/\/hamburgstagdo.com\/wp-content\/uploads\/shutterstock_595858976-1024x683.webp 1024w, https:\/\/hamburgstagdo.com\/wp-content\/uploads\/shutterstock_595858976-300x200.webp 300w, https:\/\/hamburgstagdo.com\/wp-content\/uploads\/shutterstock_595858976-768x512.webp 768w, https:\/\/hamburgstagdo.com\/wp-content\/uploads\/shutterstock_595858976-1536x1024.webp 1536w, https:\/\/hamburgstagdo.com\/wp-content\/uploads\/shutterstock_595858976-2048x1366.webp 2048w, https:\/\/hamburgstagdo.com\/wp-content\/uploads\/shutterstock_595858976-18x12.webp 18w, https:\/\/hamburgstagdo.com\/wp-content\/uploads\/shutterstock_595858976-scaled.webp 1920w\" sizes=\"auto, (max-width: 1024px) 100vw, 1024px\" \/><figcaption class=\"wp-element-caption\">La bella Amburgo in primavera<\/figcaption><\/figure>\n\n\n\n<p><\/p>\n\n\n\n<h2 class=\"wp-block-heading\">Classificata come la migliore vita notturna del mondo<\/h2>\n\n\n\n<p>Amburgo \u00e8 rinomata per la sua vivace vita notturna, con una <strong>ampia gamma di bar, club e locali musicali<\/strong> per soddisfare tutti i gusti e le preferenze. \u00c8 stata persino classificata come la migliore vita notturna del mondo da Hostelworld.<\/p>\n\n\n\n<p>Il quartiere centrale di St. Pauli della citt\u00e0 \u00e8 particolarmente famoso per il suo <strong>una vivace vita notturna<\/strong>che offre di tutto, dalle tradizionali birrerie tedesche ai cocktail bar alla moda e ai locali con musica dal vivo.<\/p>\n\n\n\n<p>Il cuore \u00e8 <strong>Via Reeperbahn<\/strong>, nota per la sua vita notturna vivace e spesso scatenata. Questo <strong>quartiere a luci rosse<\/strong> \u00e8 costellata di locali di intrattenimento di ogni tipo, tra cui molti noti per i loro contenuti espliciti o erotici, che renderanno sicuramente pi\u00f9 piccante qualsiasi addio al celibato. Questi includono sexy shop, strip club e altre attivit\u00e0 orientate agli adulti, oltre a bar e club pi\u00f9 tradizionali.<\/p>\n\n\n\n<p>La vita notturna di Amburgo si estende oltre la famosa Reeperbahn, con opzioni come <strong>club musicali galleggianti<\/strong> sul fiume Elba e vari festival musicali durante l'anno. Tutti questi eventi rappresentano un modo unico ed emozionante per vivere la vivace scena di intrattenimento della citt\u00e0 durante il vostro ultimo weekend di addio al celibato.<\/p>\n\n\n\n<figure class=\"wp-block-image size-large\"><img loading=\"lazy\" decoding=\"async\" width=\"1024\" height=\"683\" src=\"https:\/\/hamburgstagdo.com\/wp-content\/uploads\/shutterstock_1208198794-1024x683.webp\" alt=\"shutterstock 1208198794\" class=\"wp-image-219\" srcset=\"https:\/\/hamburgstagdo.com\/wp-content\/uploads\/shutterstock_1208198794-1024x683.webp 1024w, https:\/\/hamburgstagdo.com\/wp-content\/uploads\/shutterstock_1208198794-300x200.webp 300w, https:\/\/hamburgstagdo.com\/wp-content\/uploads\/shutterstock_1208198794-768x512.webp 768w, https:\/\/hamburgstagdo.com\/wp-content\/uploads\/shutterstock_1208198794-1536x1024.webp 1536w, https:\/\/hamburgstagdo.com\/wp-content\/uploads\/shutterstock_1208198794-2048x1365.webp 2048w, https:\/\/hamburgstagdo.com\/wp-content\/uploads\/shutterstock_1208198794-18x12.webp 18w, https:\/\/hamburgstagdo.com\/wp-content\/uploads\/shutterstock_1208198794-scaled.webp 1920w\" sizes=\"auto, (max-width: 1024px) 100vw, 1024px\" \/><figcaption class=\"wp-element-caption\">Fiume Elba ad Amburgo<\/figcaption><\/figure>\n\n\n\n<p><\/p>\n\n\n\n<h2 class=\"wp-block-heading\">Birre a buon mercato uguale weekend selvaggio!<\/h2>\n\n\n\n<p>I prezzi in citt\u00e0 possono variare a seconda di dove si va e di cosa si fa, ma in generale Amburgo \u00e8 conosciuta per essere <strong>relativamente conveniente<\/strong> rispetto ad altre grandi citt\u00e0 europee.<\/p>\n\n\n\n<p>Questo vale soprattutto per la birra, che \u00e8 relativamente pi\u00f9 economica rispetto ad altri Paesi. Ma tenete presente che dipende da dove andate: i prezzi possono essere pi\u00f9 alti in alcuni locali di lusso nelle strade pi\u00f9 frequentate.<\/p>\n\n\n\n<p>Per quanto riguarda la gastronomia, Amburgo \u00e8 nota per la sua <strong>una scena culinaria variegata<\/strong>La citt\u00e0 offre una vasta gamma di ristoranti e caff\u00e8 che spaziano dalla cucina tradizionale tedesca ai piatti internazionali. Tra le specialit\u00e0 locali da provare ci sono i famosi Fischbr\u00f6tchen (panini al pesce) e piatti sostanziosi come il Gr\u00fcnkohl (cavolo nero) e il Labskaus (un tipo di hashish di manzo in scatola).<\/p>\n\n\n\n<p><a href=\"https:\/\/hamburgstagdo.com\/it\/contattateci\/\">Contattateci<\/a> per qualsiasi domanda sull'organizzazione del vostro addio al celibato pi\u00f9 selvaggio ad Amburgo.<\/p>\n\n\n\n<p><\/p>\n\n\n\n<figure class=\"wp-block-image size-large\"><img loading=\"lazy\" decoding=\"async\" width=\"1024\" height=\"443\" src=\"https:\/\/hamburgstagdo.com\/wp-content\/uploads\/shutterstock_334328225-1024x443.webp\" alt=\"shutterstock 334328225\" class=\"wp-image-220\" srcset=\"https:\/\/hamburgstagdo.com\/wp-content\/uploads\/shutterstock_334328225-1024x443.webp 1024w, https:\/\/hamburgstagdo.com\/wp-content\/uploads\/shutterstock_334328225-300x130.webp 300w, https:\/\/hamburgstagdo.com\/wp-content\/uploads\/shutterstock_334328225-768x332.webp 768w, https:\/\/hamburgstagdo.com\/wp-content\/uploads\/shutterstock_334328225-1536x665.webp 1536w, https:\/\/hamburgstagdo.com\/wp-content\/uploads\/shutterstock_334328225-2048x886.webp 2048w, https:\/\/hamburgstagdo.com\/wp-content\/uploads\/shutterstock_334328225-18x8.webp 18w, https:\/\/hamburgstagdo.com\/wp-content\/uploads\/shutterstock_334328225-scaled.webp 1920w\" sizes=\"auto, (max-width: 1024px) 100vw, 1024px\" \/><figcaption class=\"wp-element-caption\">Estate in citt\u00e0<\/figcaption><\/figure>","protected":false},"excerpt":{"rendered":"<p>Amburgo \u00e8 la seconda citt\u00e0 pi\u00f9 grande della Germania, con una popolazione di oltre 1,85 milioni di abitanti, situata nella parte settentrionale del Paese. \u00c8 talvolta chiamata \"porta del mondo\" per la sua posizione strategica sul fiume Elba, che l'ha resa per secoli un importante centro commerciale e di scambio. La ... <a href=\"https:\/\/hamburgstagdo.com\/it\/about-hamburg\/\">Continua<\/a><\/p>","protected":false},"author":41,"featured_media":230,"parent":0,"menu_order":0,"comment_status":"closed","ping_status":"closed","template":"","meta":{"footnotes":""},"class_list":["post-69","page","type-page","status-publish","has-post-thumbnail","hentry"],"acf":{"page_subheading":"Learn more about Hamburg, and get ready to experience its vibrant nightlife and rich cultural heritage on your stag do."},"_links":{"self":[{"href":"https:\/\/hamburgstagdo.com\/it\/wp-json\/wp\/v2\/pages\/69","targetHints":{"allow":["GET"]}}],"collection":[{"href":"https:\/\/hamburgstagdo.com\/it\/wp-json\/wp\/v2\/pages"}],"about":[{"href":"https:\/\/hamburgstagdo.com\/it\/wp-json\/wp\/v2\/types\/page"}],"author":[{"embeddable":true,"href":"https:\/\/hamburgstagdo.com\/it\/wp-json\/wp\/v2\/users\/41"}],"replies":[{"embeddable":true,"href":"https:\/\/hamburgstagdo.com\/it\/wp-json\/wp\/v2\/comments?post=69"}],"version-history":[{"count":3,"href":"https:\/\/hamburgstagdo.com\/it\/wp-json\/wp\/v2\/pages\/69\/revisions"}],"predecessor-version":[{"id":221,"href":"https:\/\/hamburgstagdo.com\/it\/wp-json\/wp\/v2\/pages\/69\/revisions\/221"}],"wp:featuredmedia":[{"embeddable":true,"href":"https:\/\/hamburgstagdo.com\/it\/wp-json\/wp\/v2\/media\/230"}],"wp:attachment":[{"href":"https:\/\/hamburgstagdo.com\/it\/wp-json\/wp\/v2\/media?parent=69"}],"curies":[{"name":"wp","href":"https:\/\/api.w.org\/{rel}","templated":true}]}}