{"id":198,"date":"2022-12-16T11:25:22","date_gmt":"2022-12-16T11:25:22","guid":{"rendered":"https:\/\/hamburgstagdo.com\/?page_id=198"},"modified":"2022-12-16T13:42:54","modified_gmt":"2022-12-16T13:42:54","slug":"hur-man-tar-sig-till-hamburg","status":"publish","type":"page","link":"https:\/\/hamburgstagdo.com\/sv\/how-to-get-to-hamburg\/","title":{"rendered":"Hur tar man sig till Hamburg?"},"content":{"rendered":"<p>Hamburg ligger i norra Tyskland och \u00e4r en livlig och sp\u00e4nnande stad som \u00e4r v\u00e4l v\u00e4rd ett bes\u00f6k. Med en befolkning p\u00e5 \u00f6ver 1,8 miljoner m\u00e4nniskor \u00e4r det Tysklands n\u00e4st st\u00f6rsta stad och en av de st\u00f6rsta hamnarna i Europa. Om du planerar en svensexa i Hamburg finns det flera s\u00e4tt att ta sig dit.<\/p>\n\n\n\n<figure class=\"wp-block-image size-large\"><img loading=\"lazy\" decoding=\"async\" width=\"1024\" height=\"683\" src=\"https:\/\/hamburgstagdo.com\/wp-content\/uploads\/shutterstock_527663983-1024x683.webp\" alt=\"Hamburg p\u00e5 natten\" class=\"wp-image-181\" srcset=\"https:\/\/hamburgstagdo.com\/wp-content\/uploads\/shutterstock_527663983-1024x683.webp 1024w, https:\/\/hamburgstagdo.com\/wp-content\/uploads\/shutterstock_527663983-300x200.webp 300w, https:\/\/hamburgstagdo.com\/wp-content\/uploads\/shutterstock_527663983-768x512.webp 768w, https:\/\/hamburgstagdo.com\/wp-content\/uploads\/shutterstock_527663983-1536x1025.webp 1536w, https:\/\/hamburgstagdo.com\/wp-content\/uploads\/shutterstock_527663983-2048x1366.webp 2048w, https:\/\/hamburgstagdo.com\/wp-content\/uploads\/shutterstock_527663983-18x12.webp 18w, https:\/\/hamburgstagdo.com\/wp-content\/uploads\/shutterstock_527663983-scaled.webp 1920w\" sizes=\"auto, (max-width: 1024px) 100vw, 1024px\" \/><figcaption class=\"wp-element-caption\">Hamburg p\u00e5 natten<\/figcaption><\/figure>\n\n\n\n<p><strong>Flygande<\/strong><\/p>\n\n\n\n<p>Ett alternativ \u00e4r att flyga till <strong>Hamburgs flygplats<\/strong>som ligger cirka 8 mil norr om stadens centrum. Flygplatsen erbjuder regulj\u00e4ra flygningar till och fr\u00e5n st\u00f6rre st\u00e4der i Europa, samt vissa l\u00e5ngdistansdestinationer. Om du till exempel flyger fr\u00e5n England kan du flyga fr\u00e5n London eller Manchester.<\/p>\n\n\n\n<p>Vi kan hj\u00e4lpa dig att organisera <a href=\"https:\/\/hamburgstagdo.com\/sv\/overforingar\/flygplatstransfer\/\">Transfer fr\u00e5n flygplatsen.<\/a>s\u00e5 att du kan anl\u00e4nda till ditt boende med stil.<\/p>\n\n\n\n<p><strong>T\u00e5g<\/strong><\/p>\n\n\n\n<p>Ett annat alternativ \u00e4r att \u00e5ka t\u00e5g till Hamburg. Hamburg har regelbundna f\u00f6rbindelser till andra st\u00f6rre st\u00e4der i Tyskland och andra europeiska l\u00e4nder. Om du kommer fr\u00e5n Tyskland kan du ta ett t\u00e5g till Hamburg. <strong>h\u00f6ghastighetst\u00e5g med ICE<\/strong> till Hamburg, som tar dig direkt till stadens centrum.<\/p>\n\n\n\n<p><strong>Bil<\/strong><\/p>\n\n\n\n<p>Om du k\u00f6r till Hamburg kan du ta dig till staden genom att ta <strong>Motorv\u00e4gar A1 eller A7<\/strong>. Dessa motorv\u00e4gar f\u00f6rbinder Hamburg med andra st\u00f6rre st\u00e4der i Tyskland, till exempel Berlin och Frankfurt. N\u00e4r du kommer fram till Hamburg kan du parkera din bil i ett av stadens m\u00e5nga offentliga parkeringshus.<\/p>\n\n\n\n<p>Det finns m\u00e5nga s\u00e4tt att ta sig till Hamburg, och det b\u00e4sta alternativet f\u00f6r dig beror p\u00e5 dina individuella omst\u00e4ndigheter. Oavsett om du v\u00e4ljer att flyga, ta t\u00e5get eller k\u00f6ra bil \u00e4r Hamburg l\u00e4ttillg\u00e4ngligt och ett utm\u00e4rkt resm\u00e5l.<\/p>","protected":false},"excerpt":{"rendered":"<p>Hamburg ligger i norra Tyskland och \u00e4r en livlig och sp\u00e4nnande stad som \u00e4r v\u00e4l v\u00e4rd ett bes\u00f6k. Med en befolkning p\u00e5 \u00f6ver 1,8 miljoner m\u00e4nniskor \u00e4r det den n\u00e4st st\u00f6rsta staden i Tyskland och en av de st\u00f6rsta hamnarna i Europa. Om du planerar en svensexa i Hamburg finns det flera s\u00e4tt att ta sig dit. ... <a href=\"https:\/\/hamburgstagdo.com\/sv\/how-to-get-to-hamburg\/\">Forts\u00e4ttning<\/a><\/p>","protected":false},"author":41,"featured_media":258,"parent":0,"menu_order":0,"comment_status":"closed","ping_status":"closed","template":"","meta":{"footnotes":""},"class_list":["post-198","page","type-page","status-publish","has-post-thumbnail","hentry"],"acf":{"page_subheading":"Find out how to get to Hamburg the best way, so you can start the stag party as soon as physically possible."},"_links":{"self":[{"href":"https:\/\/hamburgstagdo.com\/sv\/wp-json\/wp\/v2\/pages\/198","targetHints":{"allow":["GET"]}}],"collection":[{"href":"https:\/\/hamburgstagdo.com\/sv\/wp-json\/wp\/v2\/pages"}],"about":[{"href":"https:\/\/hamburgstagdo.com\/sv\/wp-json\/wp\/v2\/types\/page"}],"author":[{"embeddable":true,"href":"https:\/\/hamburgstagdo.com\/sv\/wp-json\/wp\/v2\/users\/41"}],"replies":[{"embeddable":true,"href":"https:\/\/hamburgstagdo.com\/sv\/wp-json\/wp\/v2\/comments?post=198"}],"version-history":[{"count":3,"href":"https:\/\/hamburgstagdo.com\/sv\/wp-json\/wp\/v2\/pages\/198\/revisions"}],"predecessor-version":[{"id":210,"href":"https:\/\/hamburgstagdo.com\/sv\/wp-json\/wp\/v2\/pages\/198\/revisions\/210"}],"wp:featuredmedia":[{"embeddable":true,"href":"https:\/\/hamburgstagdo.com\/sv\/wp-json\/wp\/v2\/media\/258"}],"wp:attachment":[{"href":"https:\/\/hamburgstagdo.com\/sv\/wp-json\/wp\/v2\/media?parent=198"}],"curies":[{"name":"wp","href":"https:\/\/api.w.org\/{rel}","templated":true}]}}