{"id":49,"date":"2022-12-15T11:59:26","date_gmt":"2022-12-15T11:59:26","guid":{"rendered":"https:\/\/hamburgstagdo.com\/?page_id=49"},"modified":"2026-02-24T11:58:13","modified_gmt":"2026-02-24T11:58:13","slug":"om-oss","status":"publish","type":"page","link":"https:\/\/hamburgstagdo.com\/sv\/about-us\/","title":{"rendered":"Om oss"},"content":{"rendered":"<p>Mitt team och jag har \u00e5tagit oss att hj\u00e4lpa dig <strong>planera den perfekta svensexahelgen<\/strong> och ha den b\u00e4sta tiden i era liv. Vi \u00e4r h\u00e4r f\u00f6r att se till att allt g\u00e5r smidigt och att du och dina v\u00e4nner f\u00e5r en of\u00f6rgl\u00f6mlig tid.<\/p>\n\n\n\n<p>Vi f\u00f6rst\u00e5r att det kan vara sv\u00e5rt att planera en resa, s\u00e4rskilt n\u00e4r det g\u00e4ller en svensexa, men med v\u00e5r hj\u00e4lp kan du vara s\u00e4ker p\u00e5 att allt kommer att ordnas.<\/p>\n\n\n\n<p>Vi kommer att <strong>hj\u00e4lpa dig att undvika vanliga misstag<\/strong> och miss\u00f6den, som att boka ett boende som ligger f\u00f6r l\u00e5ngt fr\u00e5n det som h\u00e4nder, att spendera f\u00f6r mycket pengar p\u00e5 aktiviteter eller att r\u00e5ka boka n\u00e5got som kr\u00e4ver ett nyktert sinne efter en natt med mycket alkohol.<\/p>\n\n\n\n<p>L\u00e5t oss sk\u00f6ta detaljerna och se till att du f\u00e5r en <strong>v\u00e4lplanerad resv\u00e4g<\/strong> s\u00e5 att du kan fokusera p\u00e5 att fira och ha kul med dina v\u00e4nner.<\/p>\n\n\n\n<figure class=\"wp-block-image size-large\"><img loading=\"lazy\" decoding=\"async\" width=\"1024\" height=\"683\" src=\"https:\/\/hamburgstagdo.com\/wp-content\/uploads\/shutterstock_787000135-1024x683.webp\" alt=\"Hamburgs hamn\" class=\"wp-image-222\" srcset=\"https:\/\/hamburgstagdo.com\/wp-content\/uploads\/shutterstock_787000135-1024x683.webp 1024w, https:\/\/hamburgstagdo.com\/wp-content\/uploads\/shutterstock_787000135-300x200.webp 300w, https:\/\/hamburgstagdo.com\/wp-content\/uploads\/shutterstock_787000135-768x513.webp 768w, https:\/\/hamburgstagdo.com\/wp-content\/uploads\/shutterstock_787000135-1536x1025.webp 1536w, https:\/\/hamburgstagdo.com\/wp-content\/uploads\/shutterstock_787000135-2048x1367.webp 2048w, https:\/\/hamburgstagdo.com\/wp-content\/uploads\/shutterstock_787000135-18x12.webp 18w, https:\/\/hamburgstagdo.com\/wp-content\/uploads\/shutterstock_787000135-scaled.webp 1920w\" sizes=\"auto, (max-width: 1024px) 100vw, 1024px\" \/><figcaption class=\"wp-element-caption\">Hamburgs hamn<\/figcaption><\/figure>\n\n\n\n<h2 class=\"wp-block-heading\">Engagerad och p\u00e5litlig<\/h2>\n\n\n\n<p>Sedan 2015 har vi organiserat of\u00f6rgl\u00f6mliga svensexor f\u00f6r v\u00e5ra manliga kunder. Vi \u00e4r en <strong>ekonomiskt skyddad<\/strong> resef\u00f6retag, vilket garanterar att dina pengar alltid \u00e4r s\u00e4kra.<\/p>\n\n\n\n<p>V\u00e5r <strong>flexibla bokningsalternativ<\/strong> ger dig det du vill ha och g\u00f6r det enkelt att snabbt och effektivt s\u00e4tta ihop en fantastisk svensexoresa. Vi kommer inte att svika dig medan du kan luta dig tillbaka, slappna av och spara din energi f\u00f6r ditt livs resa.<\/p>\n\n\n\n<p>Och <strong>Vi \u00e4lskar Hamburg<\/strong> - Vi tycker att det \u00e4r en av de b\u00e4sta festst\u00e4derna i Europa! Med sitt pulserande nattliv, sina fantastiska vattenv\u00e4gar och o\u00e4ndliga underh\u00e5llningsalternativ \u00e4r Hamburg den perfekta destinationen f\u00f6r en svensexa. Fr\u00e5n att kryssa genom staden p\u00e5 en partyb\u00e5t till att sl\u00e5 sig ner p\u00e5 de hetaste klubbarna och barerna, det finns ingen brist p\u00e5 s\u00e4tt att ha kul i denna fantastiska stad.<\/p>\n\n\n\n<p>Vi \u00e4r stolta \u00f6ver att tillhandah\u00e5lla <strong>bra service till de b\u00e4sta priserna<\/strong> samtidigt som vi uppr\u00e4tth\u00e5ller starka arbetsrelationer med v\u00e5ra partnerf\u00f6retag.<\/p>\n\n\n\n<p>V\u00e5ra partner erbjuder ett unikt utbud av aktiviteter som s\u00e4kert kommer att ge dig m\u00e5nga of\u00f6rgl\u00f6mliga upplevelser. Vi s\u00e4tter ett enormt stort f\u00f6rtroende f\u00f6r v\u00e5rt team, och de har valts ut s\u00e4rskilt f\u00f6r att de representerar v\u00e5rt f\u00f6retag p\u00e5 det mest positiva s\u00e4ttet.<\/p>\n\n\n\n<figure class=\"wp-block-image size-large\"><img loading=\"lazy\" decoding=\"async\" width=\"1024\" height=\"228\" src=\"https:\/\/hamburgstagdo.com\/wp-content\/uploads\/shutterstock_74185774-1024x228.webp\" alt=\"shutterstock 74185774\" class=\"wp-image-225\" srcset=\"https:\/\/hamburgstagdo.com\/wp-content\/uploads\/shutterstock_74185774-1024x228.webp 1024w, https:\/\/hamburgstagdo.com\/wp-content\/uploads\/shutterstock_74185774-300x67.webp 300w, https:\/\/hamburgstagdo.com\/wp-content\/uploads\/shutterstock_74185774-768x171.webp 768w, https:\/\/hamburgstagdo.com\/wp-content\/uploads\/shutterstock_74185774-1536x341.webp 1536w, https:\/\/hamburgstagdo.com\/wp-content\/uploads\/shutterstock_74185774-2048x455.webp 2048w, https:\/\/hamburgstagdo.com\/wp-content\/uploads\/shutterstock_74185774-18x4.webp 18w, https:\/\/hamburgstagdo.com\/wp-content\/uploads\/shutterstock_74185774-scaled.webp 1920w\" sizes=\"auto, (max-width: 1024px) 100vw, 1024px\" \/><figcaption class=\"wp-element-caption\">Staden \u00e4r \u00e4nnu vackrare n\u00e4r det \u00e4r m\u00f6rkt<\/figcaption><\/figure>\n\n\n\n<h2 class=\"wp-block-heading\">L\u00e5t oss planera ert livs b\u00e4sta svensexor!<\/h2>\n\n\n\n<p>Vi tar en <strong>personligt tillv\u00e4gag\u00e5ngss\u00e4tt f\u00f6r att planera din svensexa<\/strong>, eftersom vi vet att varje grupp av kompisar \u00e4r unik.<\/p>\n\n\n\n<p>N\u00e4r du organiserar din svensexa med oss tar vi hand om all logistik och ser till att allt g\u00e5r smidigt. Vi kommer att <strong>tillg\u00e4nglig dygnet runt<\/strong> Vi kommer att hj\u00e4lpa dig med alla fr\u00e5gor och problem som kan uppst\u00e5, och vi kommer ocks\u00e5 att se till att du f\u00e5r all information du beh\u00f6ver f\u00f6r att f\u00e5 ut det mesta av din tid i Hamburg.them<\/p>\n\n\n\n<p>Med v\u00e5r expertis och lokalk\u00e4nnedom kan du dessutom spara b\u00e5de pengar och tid genom att undvika kostsamma misstag och d\u00e5ligt planerade resv\u00e4gar.<br>F\u00f6rfr\u00e5gar du dig nu kan du b\u00f6rja planera det ultimata firandet av svensexans sista dagar i frihet.<\/p>\n\n\n\n<figure class=\"wp-block-image size-large\"><img loading=\"lazy\" decoding=\"async\" width=\"1024\" height=\"768\" src=\"https:\/\/hamburgstagdo.com\/wp-content\/uploads\/shutterstock_665972497-1024x768.webp\" alt=\"shutterstock 665972497\" class=\"wp-image-226\" srcset=\"https:\/\/hamburgstagdo.com\/wp-content\/uploads\/shutterstock_665972497-1024x768.webp 1024w, https:\/\/hamburgstagdo.com\/wp-content\/uploads\/shutterstock_665972497-300x225.webp 300w, https:\/\/hamburgstagdo.com\/wp-content\/uploads\/shutterstock_665972497-768x576.webp 768w, https:\/\/hamburgstagdo.com\/wp-content\/uploads\/shutterstock_665972497-1536x1152.webp 1536w, https:\/\/hamburgstagdo.com\/wp-content\/uploads\/shutterstock_665972497-2048x1536.webp 2048w, https:\/\/hamburgstagdo.com\/wp-content\/uploads\/shutterstock_665972497-16x12.webp 16w, https:\/\/hamburgstagdo.com\/wp-content\/uploads\/shutterstock_665972497.webp 1920w\" sizes=\"auto, (max-width: 1024px) 100vw, 1024px\" \/><figcaption class=\"wp-element-caption\">Hamburg \u00e4r k\u00e4nt f\u00f6r sitt livliga nattliv<\/figcaption><\/figure>\n\n\n\n<p>Se var du kan \u00e5ka p\u00e5 en svensexa med oss:<\/p>\n\n\n\n<ul class=\"wp-block-list\">\n<li><a href=\"https:\/\/amsterdam-stag-do.com\/\">Amsterdam Stag Do<\/a><\/li>\n\n\n\n<li><a href=\"https:\/\/berlin-stag-do.com\/\">Berlin Stag Do<\/a><\/li>\n\n\n\n<li><a href=\"https:\/\/hvarstagdo.com\/\">Hvar Stag Do<\/a><\/li>\n\n\n\n<li><a href=\"https:\/\/lisbonstagdo.com\/\">Lissabon Stag Do<\/a><\/li>\n\n\n\n<li><a href=\"https:\/\/munichstagdo.com\/\">M\u00fcnchen Stag Do<\/a><\/li>\n\n\n\n<li><a href=\"https:\/\/prague-stag-do.com\/\">Prag Stag Do<\/a><\/li>\n\n\n\n<li><a href=\"https:\/\/riga-stag-do.com\/\">Riga Stag Do<\/a><\/li>\n\n\n\n<li><a href=\"https:\/\/stagpartyljubljana.com\/\">Stag Party Ljubljana<\/a><\/li>\n\n\n\n<li><a href=\"https:\/\/ibizastagdo.com\">Ibiza Stag Do<\/a><\/li>\n\n\n\n<li><a href=\"https:\/\/benidorm-stag-do.com\/\">Benidorm svensexa<\/a><\/li>\n\n\n\n<li><a href=\"https:\/\/budapest-stag-do.com\/\">Budapest svensexa<\/a><\/li>\n\n\n\n<li><a href=\"https:\/\/stagdovegas.com\/\">Stag Do Vegas<\/a><\/li>\n\n\n\n<li><a href=\"https:\/\/stagdobarcelona.com\/\">Stag Do Barcelona<\/a><\/li>\n\n\n\n<li><a href=\"https:\/\/stagdozagreb.com\/\">Stag Do Zagreb<\/a><\/li>\n\n\n\n<li><a href=\"https:\/\/splitstagdo.com\/\">Split Stag Do<\/a><\/li>\n\n\n\n<li><a href=\"https:\/\/dubrovnikstagdo.com\/\">Dubrovnik svensexa<\/a><\/li>\n\n\n\n<li><a href=\"https:\/\/madridstagdo.com\/\">Madrid svensexa<\/a><\/li>\n\n\n\n<li><a href=\"https:\/\/bucharest-stag-do.com\/\">Bukarest Stag Do<\/a><\/li>\n\n\n\n<li><a href=\"https:\/\/albufeirastagdo.com\/\">Albufeira svensexa<\/a><\/li>\n\n\n\n<li><a href=\"https:\/\/dublinstagdo.com\/\">Dublin svensexa<\/a><\/li>\n\n\n\n<li><a href=\"https:\/\/stagdokrakow.com\/\">Krakow Stag Do<\/a><\/li>\n<\/ul>","protected":false},"excerpt":{"rendered":"<p>Mitt team och jag \u00e4r fast beslutna att hj\u00e4lpa dig att planera den perfekta svensexan och f\u00e5 den b\u00e4sta tiden i ditt liv. Vi \u00e4r h\u00e4r f\u00f6r att se till att allt g\u00e5r smidigt och att du och dina v\u00e4nner f\u00e5r en of\u00f6rgl\u00f6mlig tid. Vi f\u00f6rst\u00e5r att det kan vara sv\u00e5rt att planera en resa, s\u00e4rskilt n\u00e4r det g\u00e4ller en... <a href=\"https:\/\/hamburgstagdo.com\/sv\/about-us\/\">Forts\u00e4ttning<\/a><\/p>","protected":false},"author":41,"featured_media":180,"parent":0,"menu_order":0,"comment_status":"closed","ping_status":"closed","template":"","meta":{"footnotes":""},"class_list":["post-49","page","type-page","status-publish","has-post-thumbnail","hentry"],"acf":{"page_subheading":"Make this weekend an epic one with Hamburg Stag Do. From dancing the night away to trying thrilling new activities, we've got everything you need."},"_links":{"self":[{"href":"https:\/\/hamburgstagdo.com\/sv\/wp-json\/wp\/v2\/pages\/49","targetHints":{"allow":["GET"]}}],"collection":[{"href":"https:\/\/hamburgstagdo.com\/sv\/wp-json\/wp\/v2\/pages"}],"about":[{"href":"https:\/\/hamburgstagdo.com\/sv\/wp-json\/wp\/v2\/types\/page"}],"author":[{"embeddable":true,"href":"https:\/\/hamburgstagdo.com\/sv\/wp-json\/wp\/v2\/users\/41"}],"replies":[{"embeddable":true,"href":"https:\/\/hamburgstagdo.com\/sv\/wp-json\/wp\/v2\/comments?post=49"}],"version-history":[{"count":21,"href":"https:\/\/hamburgstagdo.com\/sv\/wp-json\/wp\/v2\/pages\/49\/revisions"}],"predecessor-version":[{"id":15472,"href":"https:\/\/hamburgstagdo.com\/sv\/wp-json\/wp\/v2\/pages\/49\/revisions\/15472"}],"wp:featuredmedia":[{"embeddable":true,"href":"https:\/\/hamburgstagdo.com\/sv\/wp-json\/wp\/v2\/media\/180"}],"wp:attachment":[{"href":"https:\/\/hamburgstagdo.com\/sv\/wp-json\/wp\/v2\/media?parent=49"}],"curies":[{"name":"wp","href":"https:\/\/api.w.org\/{rel}","templated":true}]}}