{"id":69,"date":"2022-12-15T12:07:36","date_gmt":"2022-12-15T12:07:36","guid":{"rendered":"https:\/\/hamburgstagdo.com\/?page_id=69"},"modified":"2022-12-16T12:50:08","modified_gmt":"2022-12-16T12:50:08","slug":"om-hamburg","status":"publish","type":"page","link":"https:\/\/hamburgstagdo.com\/sv\/about-hamburg\/","title":{"rendered":"Om Hamburg"},"content":{"rendered":"<p>Hamburg \u00e4r den <strong>Tysklands n\u00e4st st\u00f6rsta stad<\/strong>, med en befolkning p\u00e5 \u00f6ver <strong>1,85 miljoner euro<\/strong> m\u00e4nniskor, som ligger i den norra delen av landet.<\/p>\n\n\n\n<p>Den kallas ibland f\u00f6r \"porten till v\u00e4rlden\" p\u00e5 grund av sitt strategiska l\u00e4ge vid <strong>Floden Elbe<\/strong>, vilket har gjort den till ett viktigt handelscentrum i \u00e5rhundraden. Staden har <strong>en av de mest trafikerade hamnarna i Europa<\/strong> och har l\u00e4nge varit ett viktigt centrum f\u00f6r sj\u00f6fart och handel.<\/p>\n\n\n\n<p>Det bekv\u00e4ma l\u00e4get har ocks\u00e5 gjort staden till en popul\u00e4r ink\u00f6rsport f\u00f6r resen\u00e4rer och invandrare fr\u00e5n hela v\u00e4rlden. Den rika historien och m\u00e5ngfalden har gett Hamburg en <strong>kosmopolitisk atmosf\u00e4r<\/strong> och gjorde den till ett blomstrande centrum f\u00f6r internationell handel och kultur.<\/p>\n\n\n\n<figure class=\"wp-block-image size-large\"><img loading=\"lazy\" decoding=\"async\" width=\"1024\" height=\"683\" src=\"https:\/\/hamburgstagdo.com\/wp-content\/uploads\/shutterstock_595858976-1024x683.webp\" alt=\"shutterstock 595858976\" class=\"wp-image-217\" srcset=\"https:\/\/hamburgstagdo.com\/wp-content\/uploads\/shutterstock_595858976-1024x683.webp 1024w, https:\/\/hamburgstagdo.com\/wp-content\/uploads\/shutterstock_595858976-300x200.webp 300w, https:\/\/hamburgstagdo.com\/wp-content\/uploads\/shutterstock_595858976-768x512.webp 768w, https:\/\/hamburgstagdo.com\/wp-content\/uploads\/shutterstock_595858976-1536x1024.webp 1536w, https:\/\/hamburgstagdo.com\/wp-content\/uploads\/shutterstock_595858976-2048x1366.webp 2048w, https:\/\/hamburgstagdo.com\/wp-content\/uploads\/shutterstock_595858976-18x12.webp 18w, https:\/\/hamburgstagdo.com\/wp-content\/uploads\/shutterstock_595858976-scaled.webp 1920w\" sizes=\"auto, (max-width: 1024px) 100vw, 1024px\" \/><figcaption class=\"wp-element-caption\">Vackra Hamburg p\u00e5 v\u00e5ren<\/figcaption><\/figure>\n\n\n\n<p><\/p>\n\n\n\n<h2 class=\"wp-block-heading\">Rankad som v\u00e4rldens b\u00e4sta nattliv<\/h2>\n\n\n\n<p>Hamburg \u00e4r k\u00e4nt f\u00f6r sitt pulserande nattliv, med en <strong>stort utbud av barer, klubbar och musikst\u00e4llen<\/strong> f\u00f6r att passa alla smaker och preferenser. Hostelworld har till och med rankat den som v\u00e4rldens b\u00e4sta nattliv.<\/p>\n\n\n\n<p>Stadens centrala stadsdel St. Pauli \u00e4r s\u00e4rskilt k\u00e4nd f\u00f6r sin <strong>livligt nattliv<\/strong>H\u00e4r finns allt fr\u00e5n traditionella tyska \u00f6lhallar till trendiga cocktailbarer och spelst\u00e4llen med livemusik.<\/p>\n\n\n\n<p>K\u00e4rnan i den \u00e4r <strong>Gatan Reeperbahn<\/strong>, som \u00e4r k\u00e4nd f\u00f6r sitt livliga och ofta st\u00f6kiga nattliv. Denna <strong>r\u00f6dljusdistrikt<\/strong> \u00e4r kantad av alla typer av n\u00f6jesst\u00e4llen, inklusive m\u00e5nga som \u00e4r k\u00e4nda f\u00f6r sitt explicita eller erotiska inneh\u00e5ll, vilket s\u00e4kert kommer att ge en svensexa lite extra krydda. Dessa inkluderar sexbutiker, strippklubbar och andra vuxenorienterade verksamheter, liksom mer traditionella barer och klubbar.<\/p>\n\n\n\n<p>Hamburgs nattliv str\u00e4cker sig bortom den ber\u00f6mda Reeperbahn, med alternativ som till exempel <strong>flytande musikklubbar<\/strong> p\u00e5 floden Elbe och olika musikfestivaler under hela \u00e5ret. Allt detta \u00e4r unika och sp\u00e4nnande s\u00e4tt att uppleva stadens livliga underh\u00e5llningsscen p\u00e5 din ultimata svensexhelg.<\/p>\n\n\n\n<figure class=\"wp-block-image size-large\"><img loading=\"lazy\" decoding=\"async\" width=\"1024\" height=\"683\" src=\"https:\/\/hamburgstagdo.com\/wp-content\/uploads\/shutterstock_1208198794-1024x683.webp\" alt=\"shutterstock 1208198794\" class=\"wp-image-219\" srcset=\"https:\/\/hamburgstagdo.com\/wp-content\/uploads\/shutterstock_1208198794-1024x683.webp 1024w, https:\/\/hamburgstagdo.com\/wp-content\/uploads\/shutterstock_1208198794-300x200.webp 300w, https:\/\/hamburgstagdo.com\/wp-content\/uploads\/shutterstock_1208198794-768x512.webp 768w, https:\/\/hamburgstagdo.com\/wp-content\/uploads\/shutterstock_1208198794-1536x1024.webp 1536w, https:\/\/hamburgstagdo.com\/wp-content\/uploads\/shutterstock_1208198794-2048x1365.webp 2048w, https:\/\/hamburgstagdo.com\/wp-content\/uploads\/shutterstock_1208198794-18x12.webp 18w, https:\/\/hamburgstagdo.com\/wp-content\/uploads\/shutterstock_1208198794-scaled.webp 1920w\" sizes=\"auto, (max-width: 1024px) 100vw, 1024px\" \/><figcaption class=\"wp-element-caption\">Elbe-floden i Hamburg<\/figcaption><\/figure>\n\n\n\n<p><\/p>\n\n\n\n<h2 class=\"wp-block-heading\">Billiga \u00f6l \u00e4r lika med en vild helg!<\/h2>\n\n\n\n<p>Priserna i staden kan variera beroende p\u00e5 var du \u00e5ker och vad du g\u00f6r, men i allm\u00e4nhet \u00e4r Hamburg k\u00e4nt f\u00f6r att vara <strong>relativt \u00f6verkomliga priser<\/strong> j\u00e4mf\u00f6rt med andra europeiska storst\u00e4der.<\/p>\n\n\n\n<p>Detta g\u00e4ller s\u00e4rskilt \u00f6l, som \u00e4r relativt billigare \u00e4n i andra l\u00e4nder. T\u00e4nk dock p\u00e5 att det beror p\u00e5 var du g\u00e5r - priserna kan vara h\u00f6gre p\u00e5 vissa exklusiva st\u00e4llen p\u00e5 de mest trafikerade gatorna.<\/p>\n\n\n\n<p>N\u00e4r det g\u00e4ller mat \u00e4r Hamburg k\u00e4nt f\u00f6r sin <strong>en m\u00e5ngsidig kulinarisk scen<\/strong>, med ett brett utbud av restauranger och kaf\u00e9er som erbjuder allt fr\u00e5n traditionella tyska r\u00e4tter till internationella r\u00e4tter. N\u00e5gra popul\u00e4ra lokala specialiteter att prova \u00e4r stadens ber\u00f6mda Fischbr\u00f6tchen (fisksm\u00f6rg\u00e5sar), liksom rej\u00e4la r\u00e4tter som Gr\u00fcnkohl (gr\u00f6nk\u00e5l) och Labskaus (en typ av corned beef hasch).<\/p>\n\n\n\n<p><a href=\"https:\/\/hamburgstagdo.com\/sv\/kontakta-oss\/\">Kontakta oss<\/a> om du har fr\u00e5gor om hur du planerar din vildaste svensexa i Hamburg.<\/p>\n\n\n\n<p><\/p>\n\n\n\n<figure class=\"wp-block-image size-large\"><img loading=\"lazy\" decoding=\"async\" width=\"1024\" height=\"443\" src=\"https:\/\/hamburgstagdo.com\/wp-content\/uploads\/shutterstock_334328225-1024x443.webp\" alt=\"shutterstock 334328225\" class=\"wp-image-220\" srcset=\"https:\/\/hamburgstagdo.com\/wp-content\/uploads\/shutterstock_334328225-1024x443.webp 1024w, https:\/\/hamburgstagdo.com\/wp-content\/uploads\/shutterstock_334328225-300x130.webp 300w, https:\/\/hamburgstagdo.com\/wp-content\/uploads\/shutterstock_334328225-768x332.webp 768w, https:\/\/hamburgstagdo.com\/wp-content\/uploads\/shutterstock_334328225-1536x665.webp 1536w, https:\/\/hamburgstagdo.com\/wp-content\/uploads\/shutterstock_334328225-2048x886.webp 2048w, https:\/\/hamburgstagdo.com\/wp-content\/uploads\/shutterstock_334328225-18x8.webp 18w, https:\/\/hamburgstagdo.com\/wp-content\/uploads\/shutterstock_334328225-scaled.webp 1920w\" sizes=\"auto, (max-width: 1024px) 100vw, 1024px\" \/><figcaption class=\"wp-element-caption\">Sommar i staden<\/figcaption><\/figure>","protected":false},"excerpt":{"rendered":"<p>Hamburg \u00e4r den n\u00e4st st\u00f6rsta staden i Tyskland, med en befolkning p\u00e5 \u00f6ver 1,85 miljoner m\u00e4nniskor, och ligger i den norra delen av landet. Staden kallas ibland f\u00f6r \"porten till v\u00e4rlden\" p\u00e5 grund av sitt strategiska l\u00e4ge vid floden Elbe, vilket har gjort den till en viktig handelsplats i \u00e5rhundraden. Den ... <a href=\"https:\/\/hamburgstagdo.com\/sv\/about-hamburg\/\">Forts\u00e4ttning<\/a><\/p>","protected":false},"author":41,"featured_media":230,"parent":0,"menu_order":0,"comment_status":"closed","ping_status":"closed","template":"","meta":{"footnotes":""},"class_list":["post-69","page","type-page","status-publish","has-post-thumbnail","hentry"],"acf":{"page_subheading":"Learn more about Hamburg, and get ready to experience its vibrant nightlife and rich cultural heritage on your stag do."},"_links":{"self":[{"href":"https:\/\/hamburgstagdo.com\/sv\/wp-json\/wp\/v2\/pages\/69","targetHints":{"allow":["GET"]}}],"collection":[{"href":"https:\/\/hamburgstagdo.com\/sv\/wp-json\/wp\/v2\/pages"}],"about":[{"href":"https:\/\/hamburgstagdo.com\/sv\/wp-json\/wp\/v2\/types\/page"}],"author":[{"embeddable":true,"href":"https:\/\/hamburgstagdo.com\/sv\/wp-json\/wp\/v2\/users\/41"}],"replies":[{"embeddable":true,"href":"https:\/\/hamburgstagdo.com\/sv\/wp-json\/wp\/v2\/comments?post=69"}],"version-history":[{"count":3,"href":"https:\/\/hamburgstagdo.com\/sv\/wp-json\/wp\/v2\/pages\/69\/revisions"}],"predecessor-version":[{"id":221,"href":"https:\/\/hamburgstagdo.com\/sv\/wp-json\/wp\/v2\/pages\/69\/revisions\/221"}],"wp:featuredmedia":[{"embeddable":true,"href":"https:\/\/hamburgstagdo.com\/sv\/wp-json\/wp\/v2\/media\/230"}],"wp:attachment":[{"href":"https:\/\/hamburgstagdo.com\/sv\/wp-json\/wp\/v2\/media?parent=69"}],"curies":[{"name":"wp","href":"https:\/\/api.w.org\/{rel}","templated":true}]}}